{"id":1581,"date":"2021-02-17T15:48:38","date_gmt":"2021-02-17T14:48:38","guid":{"rendered":"http:\/\/www.atransfvof.se\/?page_id=1581"},"modified":"2021-02-19T15:41:01","modified_gmt":"2021-02-19T14:41:01","slug":"statusbedomningar","status":"publish","type":"page","link":"https:\/\/www.atransfvof.se\/index.php\/statusbedomningar\/","title":{"rendered":"Statusbed\u00f6mningar"},"content":{"rendered":"\n<p>Europaparlamentets och R\u00e5dets direktiv 2000\/60\/EG av den 23 oktober 2000 (vattendirektivet) syftar till att uppn\u00e5 ett l\u00e5ngsiktigt och h\u00e5llbart utnyttjande av vattenresurserna. M\u00e5let \u00e4r att alla vatten skall uppn\u00e5 minst ekologisk och kemisk god status 2015 (senast 2027). Direktivet har inf\u00f6rts i svensk lag fr\u00e4mst genom 5 kap. Milj\u00f6balken och f\u00f6rordning (2004:660) om f\u00f6rvaltning av kvaliteten p\u00e5 vattenmilj\u00f6n.\u00a0Ansvaret f\u00f6r vattenf\u00f6rvaltningen ligger p\u00e5 Vattenmyndigheterna som samlar information och g\u00f6r en bed\u00f6mning av vattnets ekologiska och kemiska status.<\/p>\n\n\n\n<p><\/p>\n\n\n\n\n\n<p><\/p>\n","protected":false},"excerpt":{"rendered":"<p>Europaparlamentets och R\u00e5dets direktiv 2000\/60\/EG av den 23 oktober 2000 (vattendirektivet) syftar till att uppn\u00e5 ett l\u00e5ngsiktigt och h\u00e5llbart utnyttjande av vattenresurserna. M\u00e5let \u00e4r att alla vatten skall uppn\u00e5 minst ekologisk och kemisk god status 2015 (senast 2027). Direktivet har inf\u00f6rts i svensk lag fr\u00e4mst genom 5 kap. Milj\u00f6balken och f\u00f6rordning (2004:660) om f\u00f6rvaltning av &hellip;<\/p>\n<p class=\"read-more\"> <a class=\"\" href=\"https:\/\/www.atransfvof.se\/index.php\/statusbedomningar\/\"> <span class=\"screen-reader-text\">Statusbed\u00f6mningar<\/span> L\u00e4s mer &raquo;<\/a><\/p>\n","protected":false},"author":1,"featured_media":0,"parent":0,"menu_order":0,"comment_status":"closed","ping_status":"closed","template":"","meta":{"site-sidebar-layout":"default","site-content-layout":"default","ast-main-header-display":"","ast-hfb-above-header-display":"","ast-hfb-below-header-display":"","ast-hfb-mobile-header-display":"","site-post-title":"","ast-breadcrumbs-content":"","ast-featured-img":"","footer-sml-layout":"","theme-transparent-header-meta":"default","adv-header-id-meta":"","stick-header-meta":"","header-above-stick-meta":"","header-main-stick-meta":"","header-below-stick-meta":""},"_links":{"self":[{"href":"https:\/\/www.atransfvof.se\/index.php\/wp-json\/wp\/v2\/pages\/1581"}],"collection":[{"href":"https:\/\/www.atransfvof.se\/index.php\/wp-json\/wp\/v2\/pages"}],"about":[{"href":"https:\/\/www.atransfvof.se\/index.php\/wp-json\/wp\/v2\/types\/page"}],"author":[{"embeddable":true,"href":"https:\/\/www.atransfvof.se\/index.php\/wp-json\/wp\/v2\/users\/1"}],"replies":[{"embeddable":true,"href":"https:\/\/www.atransfvof.se\/index.php\/wp-json\/wp\/v2\/comments?post=1581"}],"version-history":[{"count":7,"href":"https:\/\/www.atransfvof.se\/index.php\/wp-json\/wp\/v2\/pages\/1581\/revisions"}],"predecessor-version":[{"id":1595,"href":"https:\/\/www.atransfvof.se\/index.php\/wp-json\/wp\/v2\/pages\/1581\/revisions\/1595"}],"wp:attachment":[{"href":"https:\/\/www.atransfvof.se\/index.php\/wp-json\/wp\/v2\/media?parent=1581"}],"curies":[{"name":"wp","href":"https:\/\/api.w.org\/{rel}","templated":true}]}}