{"id":157,"date":"2020-08-25T03:29:56","date_gmt":"2020-08-25T03:29:56","guid":{"rendered":"http:\/\/www.atransfvof.se\/index.php\/services\/"},"modified":"2021-03-05T09:12:28","modified_gmt":"2021-03-05T08:12:28","slug":"services","status":"publish","type":"page","link":"https:\/\/www.atransfvof.se\/index.php\/services\/","title":{"rendered":"Utvecklingsomr\u00e5den"},"content":{"rendered":"\t\t<div data-elementor-type=\"wp-page\" data-elementor-id=\"157\" class=\"elementor elementor-157\">\n\t\t\t\t\t\t\t\t\t<section class=\"elementor-section elementor-top-section elementor-element elementor-element-750ce8d elementor-section-boxed elementor-section-height-default elementor-section-height-default\" data-id=\"750ce8d\" data-element_type=\"section\" data-settings=\"{&quot;background_background&quot;:&quot;classic&quot;}\">\n\t\t\t\t\t\t<div class=\"elementor-container elementor-column-gap-no\">\n\t\t\t\t\t<div class=\"elementor-column elementor-col-100 elementor-top-column elementor-element elementor-element-5392e4d\" data-id=\"5392e4d\" data-element_type=\"column\">\n\t\t\t<div class=\"elementor-widget-wrap elementor-element-populated\">\n\t\t\t\t\t\t\t\t<div class=\"elementor-element elementor-element-950ab56 elementor-widget elementor-widget-heading\" data-id=\"950ab56\" data-element_type=\"widget\" data-widget_type=\"heading.default\">\n\t\t\t\t<div class=\"elementor-widget-container\">\n\t\t\t<h1 class=\"elementor-heading-title elementor-size-default\">Status<\/h1>\t\t<\/div>\n\t\t\t\t<\/div>\n\t\t\t\t<div class=\"elementor-element elementor-element-8063b88 elementor-widget elementor-widget-text-editor\" data-id=\"8063b88\" data-element_type=\"widget\" data-widget_type=\"text-editor.default\">\n\t\t\t\t<div class=\"elementor-widget-container\">\n\t\t\t\t\t\t\t<p>V\u00e5r aktuella sj\u00e4lvskattning av status f\u00f6r \u00c4tran inom de viktigaste \u00e5tg\u00e4rdsomr\u00e5dena.\u00a0<br \/><i>Senast uppdaterad: 2020-02-02\u00a0<\/i><\/p>\t\t\t\t\t\t<\/div>\n\t\t\t\t<\/div>\n\t\t\t\t\t<\/div>\n\t\t<\/div>\n\t\t\t\t\t\t\t<\/div>\n\t\t<\/section>\n\t\t\t\t<section class=\"elementor-section elementor-top-section elementor-element elementor-element-3b7f311 elementor-section-boxed elementor-section-height-default elementor-section-height-default\" data-id=\"3b7f311\" data-element_type=\"section\">\n\t\t\t\t\t\t<div class=\"elementor-container elementor-column-gap-default\">\n\t\t\t\t\t<div class=\"elementor-column elementor-col-100 elementor-top-column elementor-element elementor-element-d47e4fc\" data-id=\"d47e4fc\" data-element_type=\"column\">\n\t\t\t<div class=\"elementor-widget-wrap\">\n\t\t\t\t\t\t\t\t\t<\/div>\n\t\t<\/div>\n\t\t\t\t\t\t\t<\/div>\n\t\t<\/section>\n\t\t\t\t<section class=\"elementor-section elementor-top-section elementor-element elementor-element-a0902be elementor-section-boxed elementor-section-height-default elementor-section-height-default\" data-id=\"a0902be\" data-element_type=\"section\">\n\t\t\t\t\t\t<div class=\"elementor-container elementor-column-gap-no\">\n\t\t\t\t\t<div class=\"elementor-column elementor-col-33 elementor-top-column elementor-element elementor-element-639e53a\" data-id=\"639e53a\" data-element_type=\"column\" data-settings=\"{&quot;background_background&quot;:&quot;classic&quot;}\">\n\t\t\t<div class=\"elementor-widget-wrap elementor-element-populated\">\n\t\t\t\t\t\t\t\t<div class=\"elementor-element elementor-element-0047b82 elementor-widget elementor-widget-heading\" data-id=\"0047b82\" data-element_type=\"widget\" data-widget_type=\"heading.default\">\n\t\t\t\t<div class=\"elementor-widget-container\">\n\t\t\t<h3 class=\"elementor-heading-title elementor-size-default\">Adaptiv F\u00f6rvaltning<\/h3>\t\t<\/div>\n\t\t\t\t<\/div>\n\t\t\t\t<div class=\"elementor-element elementor-element-f7d8106 elementor-invisible elementor-widget elementor-widget-image\" data-id=\"f7d8106\" data-element_type=\"widget\" data-settings=\"{&quot;_animation&quot;:&quot;zoomInDown&quot;}\" data-widget_type=\"image.default\">\n\t\t\t\t<div class=\"elementor-widget-container\">\n\t\t\t\t\t\t\t\t\t\t\t\t\t\t\t<img width=\"441\" height=\"252\" src=\"https:\/\/www.atransfvof.se\/wp-content\/uploads\/2021\/02\/Gauge_2.png\" class=\"attachment-full size-full wp-image-1311\" alt=\"\" loading=\"lazy\" srcset=\"https:\/\/www.atransfvof.se\/wp-content\/uploads\/2021\/02\/Gauge_2.png 441w, https:\/\/www.atransfvof.se\/wp-content\/uploads\/2021\/02\/Gauge_2-300x171.png 300w\" sizes=\"(max-width: 441px) 100vw, 441px\" \/>\t\t\t\t\t\t\t\t\t\t\t\t\t\t\t<\/div>\n\t\t\t\t<\/div>\n\t\t\t\t<div class=\"elementor-element elementor-element-e36df1a elementor-widget elementor-widget-text-editor\" data-id=\"e36df1a\" data-element_type=\"widget\" data-widget_type=\"text-editor.default\">\n\t\t\t\t<div class=\"elementor-widget-container\">\n\t\t\t\t\t\t\t<ul><li>Ny organisations struktur<\/li><li>Samarbete med \u00f6vrig intressenter<\/li><li>Bildande av fiskev\u00e5rdsomr\u00e5de f\u00f6r \u00c4tran<\/li><\/ul><p><a href=\"http:\/\/www.atransfvof.se\/index.php\/atgardsforslag\/\"><span style=\"font-size: 15px;\">L\u00e4s mer&#8230;<\/span><\/a><\/p>\t\t\t\t\t\t<\/div>\n\t\t\t\t<\/div>\n\t\t\t\t\t<\/div>\n\t\t<\/div>\n\t\t\t\t<div class=\"elementor-column elementor-col-33 elementor-top-column elementor-element elementor-element-dfc3613\" data-id=\"dfc3613\" data-element_type=\"column\" data-settings=\"{&quot;background_background&quot;:&quot;classic&quot;}\">\n\t\t\t<div class=\"elementor-widget-wrap elementor-element-populated\">\n\t\t\t\t\t\t\t\t<div class=\"elementor-element elementor-element-d19efde elementor-widget elementor-widget-heading\" data-id=\"d19efde\" data-element_type=\"widget\" data-widget_type=\"heading.default\">\n\t\t\t\t<div class=\"elementor-widget-container\">\n\t\t\t<h3 class=\"elementor-heading-title elementor-size-default\">F\u00e5ngstrapportering<\/h3>\t\t<\/div>\n\t\t\t\t<\/div>\n\t\t\t\t<div class=\"elementor-element elementor-element-8b8747b elementor-invisible elementor-widget elementor-widget-image\" data-id=\"8b8747b\" data-element_type=\"widget\" data-settings=\"{&quot;_animation&quot;:&quot;zoomInDown&quot;}\" data-widget_type=\"image.default\">\n\t\t\t\t<div class=\"elementor-widget-container\">\n\t\t\t\t\t\t\t\t\t\t\t\t\t\t\t<img width=\"441\" height=\"252\" src=\"https:\/\/www.atransfvof.se\/wp-content\/uploads\/2021\/02\/Gauge_3.png\" class=\"attachment-full size-full wp-image-1312\" alt=\"\" loading=\"lazy\" srcset=\"https:\/\/www.atransfvof.se\/wp-content\/uploads\/2021\/02\/Gauge_3.png 441w, https:\/\/www.atransfvof.se\/wp-content\/uploads\/2021\/02\/Gauge_3-300x171.png 300w\" sizes=\"(max-width: 441px) 100vw, 441px\" \/>\t\t\t\t\t\t\t\t\t\t\t\t\t\t\t<\/div>\n\t\t\t\t<\/div>\n\t\t\t\t<div class=\"elementor-element elementor-element-1c6be93 elementor-widget elementor-widget-text-editor\" data-id=\"1c6be93\" data-element_type=\"widget\" data-widget_type=\"text-editor.default\">\n\t\t\t\t<div class=\"elementor-widget-container\">\n\t\t\t\t\t\t\t<ul><li>Digital f\u00e5ngstrapportering<\/li><li>Inv\u00e4gningsstation<\/li><li>F\u00e5ngst per anstr\u00e4ngning<\/li><li>Rapportering av \u00e5terinsatt fisk<\/li><li>Utest\u00e4ngning vid missk\u00f6tsamhet<\/li><\/ul><p>L\u00e4s mer&#8230;<\/p>\t\t\t\t\t\t<\/div>\n\t\t\t\t<\/div>\n\t\t\t\t\t<\/div>\n\t\t<\/div>\n\t\t\t\t<div class=\"elementor-column elementor-col-33 elementor-top-column elementor-element elementor-element-772cb3f\" data-id=\"772cb3f\" data-element_type=\"column\" data-settings=\"{&quot;background_background&quot;:&quot;classic&quot;}\">\n\t\t\t<div class=\"elementor-widget-wrap elementor-element-populated\">\n\t\t\t\t\t\t\t\t<div class=\"elementor-element elementor-element-d6c550a elementor-widget elementor-widget-heading\" data-id=\"d6c550a\" data-element_type=\"widget\" data-widget_type=\"heading.default\">\n\t\t\t\t<div class=\"elementor-widget-container\">\n\t\t\t<h3 class=\"elementor-heading-title elementor-size-default\">Fiskeregler<\/h3>\t\t<\/div>\n\t\t\t\t<\/div>\n\t\t\t\t<div class=\"elementor-element elementor-element-a94e3c7 elementor-invisible elementor-widget elementor-widget-image\" data-id=\"a94e3c7\" data-element_type=\"widget\" data-settings=\"{&quot;_animation&quot;:&quot;zoomInDown&quot;}\" data-widget_type=\"image.default\">\n\t\t\t\t<div class=\"elementor-widget-container\">\n\t\t\t\t\t\t\t\t\t\t\t\t\t\t\t<img width=\"441\" height=\"252\" src=\"https:\/\/www.atransfvof.se\/wp-content\/uploads\/2021\/02\/Gauge_5.png\" class=\"attachment-full size-full wp-image-1314\" alt=\"\" loading=\"lazy\" srcset=\"https:\/\/www.atransfvof.se\/wp-content\/uploads\/2021\/02\/Gauge_5.png 441w, https:\/\/www.atransfvof.se\/wp-content\/uploads\/2021\/02\/Gauge_5-300x171.png 300w\" sizes=\"(max-width: 441px) 100vw, 441px\" \/>\t\t\t\t\t\t\t\t\t\t\t\t\t\t\t<\/div>\n\t\t\t\t<\/div>\n\t\t\t\t<div class=\"elementor-element elementor-element-e78ce10 elementor-widget elementor-widget-text-editor\" data-id=\"e78ce10\" data-element_type=\"widget\" data-widget_type=\"text-editor.default\">\n\t\t\t\t<div class=\"elementor-widget-container\">\n\t\t\t\t\t\t\t<ul><li>Regler f\u00f6renade med laxplomber<\/li><li>Temperaturstyrt fiske<\/li><li>Vadningsf\u00f6rbud<\/li><li>Kontrollavgift<\/li><\/ul><p>L\u00e4s mer&#8230;<\/p>\t\t\t\t\t\t<\/div>\n\t\t\t\t<\/div>\n\t\t\t\t\t<\/div>\n\t\t<\/div>\n\t\t\t\t\t\t\t<\/div>\n\t\t<\/section>\n\t\t\t\t<section class=\"elementor-section elementor-top-section elementor-element elementor-element-6994132 elementor-section-boxed elementor-section-height-default elementor-section-height-default\" data-id=\"6994132\" data-element_type=\"section\">\n\t\t\t\t\t\t<div class=\"elementor-container elementor-column-gap-no\">\n\t\t\t\t\t<div class=\"elementor-column elementor-col-33 elementor-top-column elementor-element elementor-element-8216801\" data-id=\"8216801\" data-element_type=\"column\" data-settings=\"{&quot;background_background&quot;:&quot;classic&quot;}\">\n\t\t\t<div class=\"elementor-widget-wrap elementor-element-populated\">\n\t\t\t\t\t\t\t\t<div class=\"elementor-element elementor-element-89895c3 elementor-widget elementor-widget-heading\" data-id=\"89895c3\" data-element_type=\"widget\" data-widget_type=\"heading.default\">\n\t\t\t\t<div class=\"elementor-widget-container\">\n\t\t\t<h3 class=\"elementor-heading-title elementor-size-default\">Fisketillsyn<\/h3>\t\t<\/div>\n\t\t\t\t<\/div>\n\t\t\t\t<div class=\"elementor-element elementor-element-1ea79f4 elementor-invisible elementor-widget elementor-widget-image\" data-id=\"1ea79f4\" data-element_type=\"widget\" data-settings=\"{&quot;_animation&quot;:&quot;zoomInDown&quot;}\" data-widget_type=\"image.default\">\n\t\t\t\t<div class=\"elementor-widget-container\">\n\t\t\t\t\t\t\t\t\t\t\t\t\t\t\t<img width=\"441\" height=\"252\" src=\"https:\/\/www.atransfvof.se\/wp-content\/uploads\/2021\/02\/Gauge_2.png\" class=\"attachment-full size-full wp-image-1311\" alt=\"\" loading=\"lazy\" srcset=\"https:\/\/www.atransfvof.se\/wp-content\/uploads\/2021\/02\/Gauge_2.png 441w, https:\/\/www.atransfvof.se\/wp-content\/uploads\/2021\/02\/Gauge_2-300x171.png 300w\" sizes=\"(max-width: 441px) 100vw, 441px\" \/>\t\t\t\t\t\t\t\t\t\t\t\t\t\t\t<\/div>\n\t\t\t\t<\/div>\n\t\t\t\t<div class=\"elementor-element elementor-element-b1552e5 elementor-widget elementor-widget-text-editor\" data-id=\"b1552e5\" data-element_type=\"widget\" data-widget_type=\"text-editor.default\">\n\t\t\t\t<div class=\"elementor-widget-container\">\n\t\t\t\t\t\t\t<p>\u00a0<\/p><ul><li>Tillsynsschema f\u00f6r tillsynsgrupper<\/li><li>Tillsyn i hela \u00c4tran och H\u00f6gvads\u00e5n<\/li><li>Utbildning f\u00f6r fisker\u00e4tts\u00e4gare<\/li><\/ul><p>L\u00e4s mer&#8230;<\/p>\t\t\t\t\t\t<\/div>\n\t\t\t\t<\/div>\n\t\t\t\t\t<\/div>\n\t\t<\/div>\n\t\t\t\t<div class=\"elementor-column elementor-col-33 elementor-top-column elementor-element elementor-element-2bb0ffd\" data-id=\"2bb0ffd\" data-element_type=\"column\" data-settings=\"{&quot;background_background&quot;:&quot;classic&quot;}\">\n\t\t\t<div class=\"elementor-widget-wrap elementor-element-populated\">\n\t\t\t\t\t\t\t\t<div class=\"elementor-element elementor-element-ac6486b elementor-widget elementor-widget-heading\" data-id=\"ac6486b\" data-element_type=\"widget\" data-widget_type=\"heading.default\">\n\t\t\t\t<div class=\"elementor-widget-container\">\n\t\t\t<h3 class=\"elementor-heading-title elementor-size-default\">Datainsamling<\/h3>\t\t<\/div>\n\t\t\t\t<\/div>\n\t\t\t\t<div class=\"elementor-element elementor-element-0272541 elementor-invisible elementor-widget elementor-widget-image\" data-id=\"0272541\" data-element_type=\"widget\" data-settings=\"{&quot;_animation&quot;:&quot;zoomInDown&quot;}\" data-widget_type=\"image.default\">\n\t\t\t\t<div class=\"elementor-widget-container\">\n\t\t\t\t\t\t\t\t\t\t\t\t\t\t\t<img width=\"441\" height=\"252\" src=\"https:\/\/www.atransfvof.se\/wp-content\/uploads\/2021\/02\/Gauge_3.png\" class=\"attachment-full size-full wp-image-1312\" alt=\"\" loading=\"lazy\" srcset=\"https:\/\/www.atransfvof.se\/wp-content\/uploads\/2021\/02\/Gauge_3.png 441w, https:\/\/www.atransfvof.se\/wp-content\/uploads\/2021\/02\/Gauge_3-300x171.png 300w\" sizes=\"(max-width: 441px) 100vw, 441px\" \/>\t\t\t\t\t\t\t\t\t\t\t\t\t\t\t<\/div>\n\t\t\t\t<\/div>\n\t\t\t\t<div class=\"elementor-element elementor-element-7210602 elementor-widget elementor-widget-text-editor\" data-id=\"7210602\" data-element_type=\"widget\" data-widget_type=\"text-editor.default\">\n\t\t\t\t<div class=\"elementor-widget-container\">\n\t\t\t\t\t\t\t<ul><li>Fiskr\u00e4kning vid Herting<\/li><li>\u00c5rliga elprovfisken<\/li><li>Studier av laxens utbredning<\/li><li>Temperaturm\u00e4tning<\/li><li>Inventering av havsnejon\u00f6ga och flodp\u00e4rlmussla<\/li><\/ul><p>L\u00e4s mer&#8230;<\/p>\t\t\t\t\t\t<\/div>\n\t\t\t\t<\/div>\n\t\t\t\t\t<\/div>\n\t\t<\/div>\n\t\t\t\t<div class=\"elementor-column elementor-col-33 elementor-top-column elementor-element elementor-element-5520881\" data-id=\"5520881\" data-element_type=\"column\" data-settings=\"{&quot;background_background&quot;:&quot;classic&quot;}\">\n\t\t\t<div class=\"elementor-widget-wrap elementor-element-populated\">\n\t\t\t\t\t\t\t\t<div class=\"elementor-element elementor-element-0b498fd elementor-widget elementor-widget-heading\" data-id=\"0b498fd\" data-element_type=\"widget\" data-widget_type=\"heading.default\">\n\t\t\t\t<div class=\"elementor-widget-container\">\n\t\t\t<h3 class=\"elementor-heading-title elementor-size-default\">Fiskev\u00e5rds\u00e5tg\u00e4rder<\/h3>\t\t<\/div>\n\t\t\t\t<\/div>\n\t\t\t\t<div class=\"elementor-element elementor-element-86102f8 elementor-invisible elementor-widget elementor-widget-image\" data-id=\"86102f8\" data-element_type=\"widget\" data-settings=\"{&quot;_animation&quot;:&quot;zoomInDown&quot;}\" data-widget_type=\"image.default\">\n\t\t\t\t<div class=\"elementor-widget-container\">\n\t\t\t\t\t\t\t\t\t\t\t\t\t\t\t<img width=\"441\" height=\"252\" src=\"https:\/\/www.atransfvof.se\/wp-content\/uploads\/2021\/02\/Gauge_5.png\" class=\"attachment-full size-full wp-image-1314\" alt=\"\" loading=\"lazy\" srcset=\"https:\/\/www.atransfvof.se\/wp-content\/uploads\/2021\/02\/Gauge_5.png 441w, https:\/\/www.atransfvof.se\/wp-content\/uploads\/2021\/02\/Gauge_5-300x171.png 300w\" sizes=\"(max-width: 441px) 100vw, 441px\" \/>\t\t\t\t\t\t\t\t\t\t\t\t\t\t\t<\/div>\n\t\t\t\t<\/div>\n\t\t\t\t<div class=\"elementor-element elementor-element-628220c elementor-widget elementor-widget-text-editor\" data-id=\"628220c\" data-element_type=\"widget\" data-widget_type=\"text-editor.default\">\n\t\t\t\t<div class=\"elementor-widget-container\">\n\t\t\t\t\t\t\t<ul><li>Vandringshinder<\/li><li>Rehabilitering av p\u00e5verkade str\u00e4ckor<\/li><li>Etablering av kantzoner<\/li><li>\u00e5tg\u00e4rd av diken<\/li><\/ul><p>L\u00e4s mer&#8230;<\/p>\t\t\t\t\t\t<\/div>\n\t\t\t\t<\/div>\n\t\t\t\t\t<\/div>\n\t\t<\/div>\n\t\t\t\t\t\t\t<\/div>\n\t\t<\/section>\n\t\t\t\t<section class=\"elementor-section elementor-top-section elementor-element elementor-element-4d77332 elementor-section-boxed elementor-section-height-default elementor-section-height-default\" data-id=\"4d77332\" data-element_type=\"section\">\n\t\t\t\t\t\t<div class=\"elementor-container elementor-column-gap-no\">\n\t\t\t\t\t<div class=\"elementor-column elementor-col-33 elementor-top-column elementor-element elementor-element-4c7d5e2\" data-id=\"4c7d5e2\" data-element_type=\"column\" data-settings=\"{&quot;background_background&quot;:&quot;classic&quot;}\">\n\t\t\t<div class=\"elementor-widget-wrap elementor-element-populated\">\n\t\t\t\t\t\t\t\t<div class=\"elementor-element elementor-element-d7cf9fc elementor-widget elementor-widget-heading\" data-id=\"d7cf9fc\" data-element_type=\"widget\" data-widget_type=\"heading.default\">\n\t\t\t\t<div class=\"elementor-widget-container\">\n\t\t\t<h3 class=\"elementor-heading-title elementor-size-default\">Kartl\u00e4ggning av vattendrag<\/h3>\t\t<\/div>\n\t\t\t\t<\/div>\n\t\t\t\t<div class=\"elementor-element elementor-element-7e66653 elementor-invisible elementor-widget elementor-widget-image\" data-id=\"7e66653\" data-element_type=\"widget\" data-settings=\"{&quot;_animation&quot;:&quot;zoomInDown&quot;}\" data-widget_type=\"image.default\">\n\t\t\t\t<div class=\"elementor-widget-container\">\n\t\t\t\t\t\t\t\t\t\t\t\t\t\t\t<img width=\"441\" height=\"252\" src=\"https:\/\/www.atransfvof.se\/wp-content\/uploads\/2021\/02\/Gauge_2.png\" class=\"attachment-full size-full wp-image-1311\" alt=\"\" loading=\"lazy\" srcset=\"https:\/\/www.atransfvof.se\/wp-content\/uploads\/2021\/02\/Gauge_2.png 441w, https:\/\/www.atransfvof.se\/wp-content\/uploads\/2021\/02\/Gauge_2-300x171.png 300w\" sizes=\"(max-width: 441px) 100vw, 441px\" \/>\t\t\t\t\t\t\t\t\t\t\t\t\t\t\t<\/div>\n\t\t\t\t<\/div>\n\t\t\t\t<div class=\"elementor-element elementor-element-0d2d014 elementor-widget elementor-widget-text-editor\" data-id=\"0d2d014\" data-element_type=\"widget\" data-widget_type=\"text-editor.default\">\n\t\t\t\t<div class=\"elementor-widget-container\">\n\t\t\t\t\t\t\t<ul><li>Vattendragkartering<\/li><li>Specialstudie nedstr\u00f6ms Herting<\/li><li>Specialstudie lek- och uppv\u00e4xtmilj\u00f6er f\u00f6r havsnejon\u00f6ga<\/li><\/ul><p>L\u00e4s mer&#8230;<\/p>\t\t\t\t\t\t<\/div>\n\t\t\t\t<\/div>\n\t\t\t\t\t<\/div>\n\t\t<\/div>\n\t\t\t\t<div class=\"elementor-column elementor-col-33 elementor-top-column elementor-element elementor-element-2483b6c\" data-id=\"2483b6c\" data-element_type=\"column\" data-settings=\"{&quot;background_background&quot;:&quot;classic&quot;}\">\n\t\t\t<div class=\"elementor-widget-wrap elementor-element-populated\">\n\t\t\t\t\t\t\t\t<div class=\"elementor-element elementor-element-416e823 elementor-widget elementor-widget-heading\" data-id=\"416e823\" data-element_type=\"widget\" data-widget_type=\"heading.default\">\n\t\t\t\t<div class=\"elementor-widget-container\">\n\t\t\t<h3 class=\"elementor-heading-title elementor-size-default\">\u00f6vriga \u00e5tg\u00e4rder<\/h3>\t\t<\/div>\n\t\t\t\t<\/div>\n\t\t\t\t<div class=\"elementor-element elementor-element-6f425b2 elementor-invisible elementor-widget elementor-widget-image\" data-id=\"6f425b2\" data-element_type=\"widget\" data-settings=\"{&quot;_animation&quot;:&quot;zoomInDown&quot;}\" data-widget_type=\"image.default\">\n\t\t\t\t<div class=\"elementor-widget-container\">\n\t\t\t\t\t\t\t\t\t\t\t\t\t\t\t<img width=\"441\" height=\"252\" src=\"https:\/\/www.atransfvof.se\/wp-content\/uploads\/2021\/02\/Gauge_3.png\" class=\"attachment-full size-full wp-image-1312\" alt=\"\" loading=\"lazy\" srcset=\"https:\/\/www.atransfvof.se\/wp-content\/uploads\/2021\/02\/Gauge_3.png 441w, https:\/\/www.atransfvof.se\/wp-content\/uploads\/2021\/02\/Gauge_3-300x171.png 300w\" sizes=\"(max-width: 441px) 100vw, 441px\" \/>\t\t\t\t\t\t\t\t\t\t\t\t\t\t\t<\/div>\n\t\t\t\t<\/div>\n\t\t\t\t<div class=\"elementor-element elementor-element-753d549 elementor-widget elementor-widget-text-editor\" data-id=\"753d549\" data-element_type=\"widget\" data-widget_type=\"text-editor.default\">\n\t\t\t\t<div class=\"elementor-widget-container\">\n\t\t\t\t\t\t\t<ul><li>Information om SVA\u00b4s portal f\u00f6r rapport om sjuk fisk<\/li><li>Vattendrags vandringar<\/li><li>\u00c5tg\u00e4rda f\u00f6rekomst av invasiva arter<\/li><li>Information i samband med \u00e5tg\u00e4rder<\/li><li>Information om hantering av fiske vid \u00e5teruts\u00e4ttning<\/li><li>Utbildning<\/li><\/ul><p>L\u00e4s mer&#8230;<\/p>\t\t\t\t\t\t<\/div>\n\t\t\t\t<\/div>\n\t\t\t\t\t<\/div>\n\t\t<\/div>\n\t\t\t\t<div class=\"elementor-column elementor-col-33 elementor-top-column elementor-element elementor-element-2d7a8c1\" data-id=\"2d7a8c1\" data-element_type=\"column\" data-settings=\"{&quot;background_background&quot;:&quot;classic&quot;}\">\n\t\t\t<div class=\"elementor-widget-wrap\">\n\t\t\t\t\t\t\t\t\t<\/div>\n\t\t<\/div>\n\t\t\t\t\t\t\t<\/div>\n\t\t<\/section>\n\t\t\t\t<section class=\"elementor-section elementor-top-section elementor-element elementor-element-47ae3f6 elementor-section-boxed elementor-section-height-default elementor-section-height-default\" data-id=\"47ae3f6\" data-element_type=\"section\">\n\t\t\t\t\t\t<div class=\"elementor-container elementor-column-gap-no\">\n\t\t\t\t\t<div class=\"elementor-column elementor-col-100 elementor-top-column elementor-element elementor-element-7e6cd06\" data-id=\"7e6cd06\" data-element_type=\"column\">\n\t\t\t<div class=\"elementor-widget-wrap elementor-element-populated\">\n\t\t\t\t\t\t\t\t<div class=\"elementor-element elementor-element-e555cfb elementor-widget elementor-widget-heading\" data-id=\"e555cfb\" data-element_type=\"widget\" data-widget_type=\"heading.default\">\n\t\t\t\t<div class=\"elementor-widget-container\">\n\t\t\t<h2 class=\"elementor-heading-title elementor-size-default\">Uppvandring, Uttag, Grilse, C&amp;R<\/h2>\t\t<\/div>\n\t\t\t\t<\/div>\n\t\t\t\t<div class=\"elementor-element elementor-element-5cb3eb8 elementor-widget elementor-widget-text-editor\" data-id=\"5cb3eb8\" data-element_type=\"widget\" data-widget_type=\"text-editor.default\">\n\t\t\t\t<div class=\"elementor-widget-container\">\n\t\t\t\t\t\t\t<p>Imperdiet aliquet est vel nulla turpis eu consequat ullamcorper a egestas suspendisse faucibus eu velit, phasellus pulvinar lorem et libero et tortor, sapien nulla.<\/p>\t\t\t\t\t\t<\/div>\n\t\t\t\t<\/div>\n\t\t\t\t<div class=\"elementor-element elementor-element-f01ff49 gallery-spacing-custom elementor-widget elementor-widget-image-gallery\" data-id=\"f01ff49\" data-element_type=\"widget\" data-widget_type=\"image-gallery.default\">\n\t\t\t\t<div class=\"elementor-widget-container\">\n\t\t\t\t\t<div class=\"elementor-image-gallery\">\n\t\t\t\t\t<\/div>\n\t\t\t\t<\/div>\n\t\t\t\t<\/div>\n\t\t\t\t\t<\/div>\n\t\t<\/div>\n\t\t\t\t\t\t\t<\/div>\n\t\t<\/section>\n\t\t\t\t\t\t\t<\/div>\n\t\t","protected":false},"excerpt":{"rendered":"<p>Status V\u00e5r aktuella sj\u00e4lvskattning av status f\u00f6r \u00c4tran inom de viktigaste \u00e5tg\u00e4rdsomr\u00e5dena.\u00a0Senast uppdaterad: 2020-02-02\u00a0 Adaptiv F\u00f6rvaltning Ny organisations struktur Samarbete med \u00f6vrig intressenter Bildande av fiskev\u00e5rdsomr\u00e5de f\u00f6r \u00c4tran L\u00e4s mer&#8230; F\u00e5ngstrapportering Digital f\u00e5ngstrapportering Inv\u00e4gningsstation F\u00e5ngst per anstr\u00e4ngning Rapportering av \u00e5terinsatt fisk Utest\u00e4ngning vid missk\u00f6tsamhet L\u00e4s mer&#8230; Fiskeregler Regler f\u00f6renade med laxplomber Temperaturstyrt fiske Vadningsf\u00f6rbud Kontrollavgift &hellip;<\/p>\n<p class=\"read-more\"> <a class=\"\" href=\"https:\/\/www.atransfvof.se\/index.php\/services\/\"> <span class=\"screen-reader-text\">Utvecklingsomr\u00e5den<\/span> L\u00e4s mer &raquo;<\/a><\/p>\n","protected":false},"author":1,"featured_media":0,"parent":0,"menu_order":0,"comment_status":"closed","ping_status":"closed","template":"","meta":{"site-sidebar-layout":"no-sidebar","site-content-layout":"page-builder","ast-main-header-display":"","ast-hfb-above-header-display":"","ast-hfb-below-header-display":"","ast-hfb-mobile-header-display":"","site-post-title":"disabled","ast-breadcrumbs-content":"","ast-featured-img":"disabled","footer-sml-layout":"","theme-transparent-header-meta":"enabled","adv-header-id-meta":"","stick-header-meta":"","header-above-stick-meta":"","header-main-stick-meta":"","header-below-stick-meta":""},"_links":{"self":[{"href":"https:\/\/www.atransfvof.se\/index.php\/wp-json\/wp\/v2\/pages\/157"}],"collection":[{"href":"https:\/\/www.atransfvof.se\/index.php\/wp-json\/wp\/v2\/pages"}],"about":[{"href":"https:\/\/www.atransfvof.se\/index.php\/wp-json\/wp\/v2\/types\/page"}],"author":[{"embeddable":true,"href":"https:\/\/www.atransfvof.se\/index.php\/wp-json\/wp\/v2\/users\/1"}],"replies":[{"embeddable":true,"href":"https:\/\/www.atransfvof.se\/index.php\/wp-json\/wp\/v2\/comments?post=157"}],"version-history":[{"count":26,"href":"https:\/\/www.atransfvof.se\/index.php\/wp-json\/wp\/v2\/pages\/157\/revisions"}],"predecessor-version":[{"id":1627,"href":"https:\/\/www.atransfvof.se\/index.php\/wp-json\/wp\/v2\/pages\/157\/revisions\/1627"}],"wp:attachment":[{"href":"https:\/\/www.atransfvof.se\/index.php\/wp-json\/wp\/v2\/media?parent=157"}],"curies":[{"name":"wp","href":"https:\/\/api.w.org\/{rel}","templated":true}]}}