{"id":1550,"date":"2021-02-12T12:55:15","date_gmt":"2021-02-12T11:55:15","guid":{"rendered":"http:\/\/www.atransfvof.se\/?page_id=1550"},"modified":"2021-02-16T12:39:42","modified_gmt":"2021-02-16T11:39:42","slug":"uppvandrande-fisk","status":"publish","type":"page","link":"https:\/\/www.atransfvof.se\/index.php\/uppvandrande-fisk\/","title":{"rendered":"Uppvandrande fisk"},"content":{"rendered":"\n<h1>Uppvandrande lax<\/h1>\n\n\n\n<p>En adaptiv f\u00f6rvaltning av laxbest\u00e5ndet m\u00f6jligg\u00f6rs genom att med en elektronisk \u00e4r p\u00e5 plats f\u00f6r att f\u00f6lja uppvandringen av lax. Sedan 2001 har uppvandringen av lax i \u00c4tran \u00e4ven f\u00f6ljts vid Herting. Inom ramen f\u00f6r kontrollprogrammet f\u00f6r den nya fiskvandringsv\u00e4gen som f\u00e4rdigst\u00e4lldes 2014 har en fiskr\u00e4knare suttit monterad i den \u00f6vre passagen.<\/p>\n\n\n\n<p>\u00c4tran har f\u00f6rdelen av att i dagsl\u00e4get ha tv\u00e5 fiskr\u00e4knare f\u00f6r uppvandrande fisk, vid <strong>Herting<\/strong> i \u00c4tran och vid <strong>Nydala <\/strong>i H\u00f6gvads\u00e5n. Fiskr\u00e4knaren vid Herting ing\u00e5r emellertid i det kontrollprogram som beslutades vid ompr\u00f6vningen av Hertings kraftverk (Mark- och milj\u00f6domstolen, 2012). <\/p>\n\n\n","protected":false},"excerpt":{"rendered":"<p>Uppvandrande lax En adaptiv f\u00f6rvaltning av laxbest\u00e5ndet m\u00f6jligg\u00f6rs genom att med en elektronisk \u00e4r p\u00e5 plats f\u00f6r att f\u00f6lja uppvandringen av lax. Sedan 2001 har uppvandringen av lax i \u00c4tran \u00e4ven f\u00f6ljts vid Herting. Inom ramen f\u00f6r kontrollprogrammet f\u00f6r den nya fiskvandringsv\u00e4gen som f\u00e4rdigst\u00e4lldes 2014 har en fiskr\u00e4knare suttit monterad i den \u00f6vre passagen. \u00c4tran &hellip;<\/p>\n<p class=\"read-more\"> <a class=\"\" href=\"https:\/\/www.atransfvof.se\/index.php\/uppvandrande-fisk\/\"> <span class=\"screen-reader-text\">Uppvandrande fisk<\/span> L\u00e4s mer &raquo;<\/a><\/p>\n","protected":false},"author":1,"featured_media":0,"parent":0,"menu_order":0,"comment_status":"closed","ping_status":"closed","template":"","meta":{"site-sidebar-layout":"default","site-content-layout":"default","ast-main-header-display":"","ast-hfb-above-header-display":"","ast-hfb-below-header-display":"","ast-hfb-mobile-header-display":"","site-post-title":"disabled","ast-breadcrumbs-content":"","ast-featured-img":"","footer-sml-layout":"","theme-transparent-header-meta":"default","adv-header-id-meta":"","stick-header-meta":"","header-above-stick-meta":"","header-main-stick-meta":"","header-below-stick-meta":""},"_links":{"self":[{"href":"https:\/\/www.atransfvof.se\/index.php\/wp-json\/wp\/v2\/pages\/1550"}],"collection":[{"href":"https:\/\/www.atransfvof.se\/index.php\/wp-json\/wp\/v2\/pages"}],"about":[{"href":"https:\/\/www.atransfvof.se\/index.php\/wp-json\/wp\/v2\/types\/page"}],"author":[{"embeddable":true,"href":"https:\/\/www.atransfvof.se\/index.php\/wp-json\/wp\/v2\/users\/1"}],"replies":[{"embeddable":true,"href":"https:\/\/www.atransfvof.se\/index.php\/wp-json\/wp\/v2\/comments?post=1550"}],"version-history":[{"count":7,"href":"https:\/\/www.atransfvof.se\/index.php\/wp-json\/wp\/v2\/pages\/1550\/revisions"}],"predecessor-version":[{"id":1575,"href":"https:\/\/www.atransfvof.se\/index.php\/wp-json\/wp\/v2\/pages\/1550\/revisions\/1575"}],"wp:attachment":[{"href":"https:\/\/www.atransfvof.se\/index.php\/wp-json\/wp\/v2\/media?parent=1550"}],"curies":[{"name":"wp","href":"https:\/\/api.w.org\/{rel}","templated":true}]}}