{"id":1426,"date":"2021-02-05T15:11:12","date_gmt":"2021-02-05T14:11:12","guid":{"rendered":"http:\/\/www.atransfvof.se\/?page_id=1426"},"modified":"2021-02-12T11:32:56","modified_gmt":"2021-02-12T10:32:56","slug":"forvaltningsindelning","status":"publish","type":"page","link":"https:\/\/www.atransfvof.se\/index.php\/forvaltningsindelning\/","title":{"rendered":"F\u00f6rvaltningsindelning"},"content":{"rendered":"\t\t<div data-elementor-type=\"wp-page\" data-elementor-id=\"1426\" class=\"elementor elementor-1426\">\n\t\t\t\t\t\t\t\t\t<section class=\"elementor-section elementor-top-section elementor-element elementor-element-3a731d4d elementor-section-boxed elementor-section-height-default elementor-section-height-default\" data-id=\"3a731d4d\" data-element_type=\"section\">\n\t\t\t\t\t\t<div class=\"elementor-container elementor-column-gap-default\">\n\t\t\t\t\t<div class=\"elementor-column elementor-col-100 elementor-top-column elementor-element elementor-element-3c7dc132\" data-id=\"3c7dc132\" data-element_type=\"column\">\n\t\t\t<div class=\"elementor-widget-wrap elementor-element-populated\">\n\t\t\t\t\t\t\t\t<div class=\"elementor-element elementor-element-21d62698 elementor-widget elementor-widget-text-editor\" data-id=\"21d62698\" data-element_type=\"widget\" data-widget_type=\"text-editor.default\">\n\t\t\t\t<div class=\"elementor-widget-container\">\n\t\t\t\t\t\t\t<p><!-- wp:heading {\"level\":1} --><\/p>\n<h1>F\u00f6rvaltningsindelning<\/h1>\n<div>F\u00f6rvaltningsindelning i \u00c4tran och H\u00f6gvads\u00e5n. Svart f\u00e4rg avser Falkenbergs laxfiske, bl\u00e5 f\u00e4rg avser \u00c4trans nedre fiskev\u00e5rdsomr\u00e5de, r\u00f6d f\u00e4rg avser vatten som arrenderas av Hallands sportfiskeklubb och Bor\u00e5s sportfiskeklubb samt gr\u00f6n f\u00e4rg avser H\u00f6gvads\u00e5ns nedre fiskev\u00e5rdsomr\u00e5de. Observera att Falkenbergs laxfiske ing\u00e5r i \u00c4tran nedre fiskev\u00e5rdsomr\u00e5de.<\/div>\n<p><!-- \/wp:heading --><\/p>\n<p><!-- wp:image {\"id\":1285,\"sizeSlug\":\"large\",\"linkDestination\":\"none\"} --><\/p>\n<figure class=\"wp-block-image size-large\"><\/figure>\n<p><!-- \/wp:heading --><\/p>\n<p><!-- wp:block {\"ref\":1431} \/--><\/p>\n<p><!-- wp:paragraph --><\/p>\n<p>\u00a0<\/p>\n<p><!-- \/wp:paragraph --><\/p>\t\t\t\t\t\t<\/div>\n\t\t\t\t<\/div>\n\t\t\t\t\t<\/div>\n\t\t<\/div>\n\t\t\t\t\t\t\t<\/div>\n\t\t<\/section>\n\t\t\t\t<section class=\"elementor-section elementor-top-section elementor-element elementor-element-062c1e8 elementor-section-boxed elementor-section-height-default elementor-section-height-default\" data-id=\"062c1e8\" data-element_type=\"section\">\n\t\t\t\t\t\t<div class=\"elementor-container elementor-column-gap-default\">\n\t\t\t\t\t<div class=\"elementor-column elementor-col-100 elementor-top-column elementor-element elementor-element-d9aa0a7\" data-id=\"d9aa0a7\" data-element_type=\"column\">\n\t\t\t<div class=\"elementor-widget-wrap elementor-element-populated\">\n\t\t\t\t\t\t\t\t<div class=\"elementor-element elementor-element-3b8b4fc elementor-widget elementor-widget-wp-widget-mmp_shortcode\" data-id=\"3b8b4fc\" data-element_type=\"widget\" data-widget_type=\"wp-widget-mmp_shortcode.default\">\n\t\t\t\t<div class=\"elementor-widget-container\">\n\t\t\t\t\t<div id=\"maps-marker-pro-0c883b2b\" class=\"maps-marker-pro mmp-list-below\" style=\"width: 100%;\">\r\n\t\t\t<div id=\"mmp-map-wrap-0c883b2b\" class=\"mmp-map-wrap\">\r\n\t\t\t\t\t\t\t\t\t<div id=\"mmp-panel-0c883b2b\" class=\"mmp-panel\"><\/div>\r\n\t\t\t\t\t\t\t\t<div id=\"mmp-map-0c883b2b\" class=\"mmp-map\" style=\"height: 600px;\"><\/div>\r\n\t\t\t\t\t\t\t<\/div>\r\n\t\t\t\t\t\t\t<div id=\"mmp-list-0c883b2b\" class=\"mmp-list\" style=\"flex-basis: 400px;\"><\/div>\r\n\t\t\t\t\t<\/div>\r\n\t\t\t\t<\/div>\n\t\t\t\t<\/div>\n\t\t\t\t\t<\/div>\n\t\t<\/div>\n\t\t\t\t\t\t\t<\/div>\n\t\t<\/section>\n\t\t\t\t\t\t\t<\/div>\n\t\t","protected":false},"excerpt":{"rendered":"<p>F\u00f6rvaltningsindelning F\u00f6rvaltningsindelning i \u00c4tran och H\u00f6gvads\u00e5n. Svart f\u00e4rg avser Falkenbergs laxfiske, bl\u00e5 f\u00e4rg avser \u00c4trans nedre fiskev\u00e5rdsomr\u00e5de, r\u00f6d f\u00e4rg avser vatten som arrenderas av Hallands sportfiskeklubb och Bor\u00e5s sportfiskeklubb samt gr\u00f6n f\u00e4rg avser H\u00f6gvads\u00e5ns nedre fiskev\u00e5rdsomr\u00e5de. Observera att Falkenbergs laxfiske ing\u00e5r i \u00c4tran nedre fiskev\u00e5rdsomr\u00e5de. \u00a0<\/p>\n","protected":false},"author":1,"featured_media":0,"parent":0,"menu_order":0,"comment_status":"closed","ping_status":"closed","template":"","meta":{"site-sidebar-layout":"default","site-content-layout":"default","ast-main-header-display":"","ast-hfb-above-header-display":"","ast-hfb-below-header-display":"","ast-hfb-mobile-header-display":"","site-post-title":"disabled","ast-breadcrumbs-content":"","ast-featured-img":"","footer-sml-layout":"","theme-transparent-header-meta":"default","adv-header-id-meta":"","stick-header-meta":"","header-above-stick-meta":"","header-main-stick-meta":"","header-below-stick-meta":""},"_links":{"self":[{"href":"https:\/\/www.atransfvof.se\/index.php\/wp-json\/wp\/v2\/pages\/1426"}],"collection":[{"href":"https:\/\/www.atransfvof.se\/index.php\/wp-json\/wp\/v2\/pages"}],"about":[{"href":"https:\/\/www.atransfvof.se\/index.php\/wp-json\/wp\/v2\/types\/page"}],"author":[{"embeddable":true,"href":"https:\/\/www.atransfvof.se\/index.php\/wp-json\/wp\/v2\/users\/1"}],"replies":[{"embeddable":true,"href":"https:\/\/www.atransfvof.se\/index.php\/wp-json\/wp\/v2\/comments?post=1426"}],"version-history":[{"count":14,"href":"https:\/\/www.atransfvof.se\/index.php\/wp-json\/wp\/v2\/pages\/1426\/revisions"}],"predecessor-version":[{"id":1498,"href":"https:\/\/www.atransfvof.se\/index.php\/wp-json\/wp\/v2\/pages\/1426\/revisions\/1498"}],"wp:attachment":[{"href":"https:\/\/www.atransfvof.se\/index.php\/wp-json\/wp\/v2\/media?parent=1426"}],"curies":[{"name":"wp","href":"https:\/\/api.w.org\/{rel}","templated":true}]}}