{"id":1424,"date":"2021-02-05T15:11:26","date_gmt":"2021-02-05T14:11:26","guid":{"rendered":"http:\/\/www.atransfvof.se\/?page_id=1424"},"modified":"2021-03-05T05:48:51","modified_gmt":"2021-03-05T04:48:51","slug":"atgardsforslag","status":"publish","type":"page","link":"https:\/\/www.atransfvof.se\/index.php\/atgardsforslag\/","title":{"rendered":"\u00c5tg\u00e4rdsf\u00f6rslag"},"content":{"rendered":"\n<h1>\u00c5tg\u00e4rdsf\u00f6rslag<\/h1>\n\n\n\n<figure class=\"wp-block-image size-large\"><img loading=\"lazy\" width=\"1024\" height=\"421\" src=\"http:\/\/www.atransfvof.se\/wp-content\/uploads\/2020\/12\/springtime-1024x421.jpg\" alt=\"\" class=\"wp-image-1285\" srcset=\"https:\/\/www.atransfvof.se\/wp-content\/uploads\/2020\/12\/springtime-1024x421.jpg 1024w, https:\/\/www.atransfvof.se\/wp-content\/uploads\/2020\/12\/springtime-300x123.jpg 300w, https:\/\/www.atransfvof.se\/wp-content\/uploads\/2020\/12\/springtime-768x316.jpg 768w, https:\/\/www.atransfvof.se\/wp-content\/uploads\/2020\/12\/springtime.jpg 1280w\" sizes=\"(max-width: 1024px) 100vw, 1024px\" \/><\/figure>\n\n\n\n<p>\u00c5tg\u00e4rdsf\u00f6rslagen i f\u00f6rvaltningsplanen ber\u00f6r ett flertal omr\u00e5den, ur s\u00e5v\u00e4l f\u00f6rvaltningsh\u00e4nseende som rent praktiska \u00e5tg\u00e4rder och unders\u00f6kningar. I vissa fall ligger viktiga fiskev\u00e5rdsprojekt bortom fiskev\u00e5rdsomr\u00e5dets m\u00f6jligheter. Det g\u00e4ller framf\u00f6rallt de domstolsf\u00f6rhandlingar som kommer att \u00e4ga rum inom ramen f\u00f6r nationella handlingsplanen f\u00f6r vattenkraften, och som ber\u00f6r ett flertal vattenverksamheter i omr\u00e5det. Vid domstolsf\u00f6rhandlingarna kommer aspekter som fiskvandringsv\u00e4gar, minimitappning (t ex i torrf\u00e5ran i \u00c4trafors) och fl\u00f6desregim att behandlas. Dessa fr\u00e5gor ber\u00f6rs f\u00f6ljaktligen inte i \u00e5tg\u00e4rdsf\u00f6rslagen. Fiskev\u00e5rdsomr\u00e5desf\u00f6reningen b\u00f6r emellertid agera aktivt i samband med domstolsf\u00f6rhandlingarna och driva fr\u00e5gor som \u00e4r viktiga f\u00f6r s\u00e5v\u00e4l fiskbest\u00e5nd som fiske i \u00c4tran. Som exempel kan n\u00e4mnas minimitappning i torrf\u00e5ran i \u00c4trafors, fl\u00f6desreglering och faunapassager.&nbsp;<img loading=\"lazy\" width=\"1024\" height=\"1024\" hspace=\"8\" class=\"wp-image-1293\" style=\"float:right; width: 300px;\" src=\"http:\/\/www.atransfvof.se\/wp-content\/uploads\/2020\/12\/2sample.jpg\" alt=\"\" srcset=\"https:\/\/www.atransfvof.se\/wp-content\/uploads\/2020\/12\/2sample.jpg 1024w, https:\/\/www.atransfvof.se\/wp-content\/uploads\/2020\/12\/2sample-300x300.jpg 300w, https:\/\/www.atransfvof.se\/wp-content\/uploads\/2020\/12\/2sample-150x150.jpg 150w, https:\/\/www.atransfvof.se\/wp-content\/uploads\/2020\/12\/2sample-768x768.jpg 768w\" sizes=\"(max-width: 1024px) 100vw, 1024px\" \/><\/p>\n\n\n\n<p>Fiskev\u00e5rdsprojekt som ligger uppstr\u00f6ms de dammar som kommer att behandlas i domstol bed\u00f6ms d\u00e4rf\u00f6r vara av mindre intresse i dagsl\u00e4get. D\u00e4remot b\u00f6r fiskev\u00e5rdsomr\u00e5det agera aktivt gentemot L\u00e4nsstyrelsen i Halland och gentemot Falkenbergs kommun f\u00f6r att se till att de tar sina respektive ansvar att agera inom deras skyldigheter, \u00e4ven om det ber\u00f6r verksamheter uppstr\u00f6ms n\u00e4mnda dammar.&nbsp;&nbsp;<\/p>\n\n\n\n<h3>Nationella handlingsplanen f\u00f6r vattenkraften<\/h3>\n\n\n\n<p>De aktiva vattenkraftverken kommer troligen att hanteras inom ramen f\u00f6r den Nationella handlingsplanen f\u00f6r vattenkraften. I de laxf\u00f6rande vattendragen ber\u00f6r detta \u00c4trafors kraftverk, Nydala kvarn, \u00d6deg\u00e4rdets kraftverk och Hj\u00e4rtareds kraftverk. Ut\u00f6ver dessa kan det antas att Vinbergs kraftverk, Ljungby-\u00c5sg\u00e5rds kraftverk och Trustorps kraftverk i Vin\u00e5n samt K\u00e4rnebygd i Sk\u00e4rshulta\u00e5n kommer att ing\u00e5 i planen.&nbsp;&nbsp;<\/p>\n\n\n\n<h3>Anl\u00e4ggningar inom L\u00e4nsstyrelsens ansvarsomr\u00e5de<\/h3>\n\n\n\n<p>I Lia i H\u00f6gvads\u00e5n bedrivs idag ingen kraftutvinning och dammen kommer troligen inte att ber\u00f6ras av Nationella handlingsplanen. \u00c4garf\u00f6rh\u00e5llandena \u00e4r oklara, men tydligt \u00e4r att L\u00e4nsstyrelsen i Halland k\u00f6pte en del av dammen i b\u00f6rjan av 2000-talet med m\u00e5let att riva ut den. Av juridiska sk\u00e4l har detta inte kunnat genomf\u00f6ras och s\u00e5 vitt k\u00e4nt g\u00f6rs inga aktiva f\u00f6rs\u00f6k fr\u00e5n L\u00e4nsstyrelsens sida att forts\u00e4tta projektet.&nbsp;<\/p>\n\n\n\n<p>\u00c5lkistorna vid Hannedal i Sk\u00e4rshulta\u00e5n och vid Lushult i Rammb\u00e4cken bed\u00f6ms vara tillsynsobjekt f\u00f6r L\u00e4nsstyrelsen eftersom de ligger inom omr\u00e5den d\u00e4r det r\u00e5der fiskef\u00f6rbud efter \u00e5l, se Havs- och vattenmyndighetens f\u00f6rfattningssamling FIFS 2004:37.<\/p>\n\n\n\n<p>I naturreservatet P\u00e5vadalsb\u00e4cken ligger en gammal kraftverksdamm som \u00e4r ett definitivt hinder f\u00f6r all fisk. L\u00e4nsstyrelsen b\u00f6r inom ramen f\u00f6r reservatets sk\u00f6tselplan \u00e5tg\u00e4rda dammen. S\u00e5 vitt k\u00e4nt har inga elprovfisken genomf\u00f6rts i b\u00e4cken, men det \u00e4r m\u00f6jligt att b\u00e4cken \u00e4r ett viktigt reproduktionsomr\u00e5de f\u00f6r \u00f6ring och flodnejon\u00f6ga.\u00a0\u00a0<\/p>\n\n\n\n\n\n<p><\/p>\n","protected":false},"excerpt":{"rendered":"<p>\u00c5tg\u00e4rdsf\u00f6rslag \u00c5tg\u00e4rdsf\u00f6rslagen i f\u00f6rvaltningsplanen ber\u00f6r ett flertal omr\u00e5den, ur s\u00e5v\u00e4l f\u00f6rvaltningsh\u00e4nseende som rent praktiska \u00e5tg\u00e4rder och unders\u00f6kningar. I vissa fall ligger viktiga fiskev\u00e5rdsprojekt bortom fiskev\u00e5rdsomr\u00e5dets m\u00f6jligheter. Det g\u00e4ller framf\u00f6rallt de domstolsf\u00f6rhandlingar som kommer att \u00e4ga rum inom ramen f\u00f6r nationella handlingsplanen f\u00f6r vattenkraften, och som ber\u00f6r ett flertal vattenverksamheter i omr\u00e5det. Vid domstolsf\u00f6rhandlingarna kommer aspekter &hellip;<\/p>\n<p class=\"read-more\"> <a class=\"\" href=\"https:\/\/www.atransfvof.se\/index.php\/atgardsforslag\/\"> <span class=\"screen-reader-text\">\u00c5tg\u00e4rdsf\u00f6rslag<\/span> L\u00e4s mer &raquo;<\/a><\/p>\n","protected":false},"author":1,"featured_media":0,"parent":0,"menu_order":0,"comment_status":"closed","ping_status":"closed","template":"","meta":{"site-sidebar-layout":"default","site-content-layout":"default","ast-main-header-display":"","ast-hfb-above-header-display":"","ast-hfb-below-header-display":"","ast-hfb-mobile-header-display":"","site-post-title":"disabled","ast-breadcrumbs-content":"","ast-featured-img":"","footer-sml-layout":"","theme-transparent-header-meta":"default","adv-header-id-meta":"","stick-header-meta":"","header-above-stick-meta":"","header-main-stick-meta":"","header-below-stick-meta":""},"_links":{"self":[{"href":"https:\/\/www.atransfvof.se\/index.php\/wp-json\/wp\/v2\/pages\/1424"}],"collection":[{"href":"https:\/\/www.atransfvof.se\/index.php\/wp-json\/wp\/v2\/pages"}],"about":[{"href":"https:\/\/www.atransfvof.se\/index.php\/wp-json\/wp\/v2\/types\/page"}],"author":[{"embeddable":true,"href":"https:\/\/www.atransfvof.se\/index.php\/wp-json\/wp\/v2\/users\/1"}],"replies":[{"embeddable":true,"href":"https:\/\/www.atransfvof.se\/index.php\/wp-json\/wp\/v2\/comments?post=1424"}],"version-history":[{"count":4,"href":"https:\/\/www.atransfvof.se\/index.php\/wp-json\/wp\/v2\/pages\/1424\/revisions"}],"predecessor-version":[{"id":1604,"href":"https:\/\/www.atransfvof.se\/index.php\/wp-json\/wp\/v2\/pages\/1424\/revisions\/1604"}],"wp:attachment":[{"href":"https:\/\/www.atransfvof.se\/index.php\/wp-json\/wp\/v2\/media?parent=1424"}],"curies":[{"name":"wp","href":"https:\/\/api.w.org\/{rel}","templated":true}]}}