{"id":1402,"date":"2021-02-05T11:33:35","date_gmt":"2021-02-05T10:33:35","guid":{"rendered":"http:\/\/www.atransfvof.se\/?page_id=1402"},"modified":"2021-02-05T11:33:35","modified_gmt":"2021-02-05T10:33:35","slug":"fiskevardsprojekt","status":"publish","type":"page","link":"https:\/\/www.atransfvof.se\/index.php\/fiskevardsprojekt\/","title":{"rendered":"Fiskev\u00e5rdsprojekt"},"content":{"rendered":"\n<h1>Fiskev\u00e5rdsprojekt<\/h1>\n\n\n\n<div class=\"wp-block-media-text alignwide has-media-on-the-right is-stacked-on-mobile is-vertically-aligned-top\"><figure class=\"wp-block-media-text__media\"><img loading=\"lazy\" width=\"512\" height=\"512\" src=\"http:\/\/www.atransfvof.se\/wp-content\/uploads\/2020\/12\/1fisk.jpg\" alt=\"\" class=\"wp-image-1266 size-full\" srcset=\"https:\/\/www.atransfvof.se\/wp-content\/uploads\/2020\/12\/1fisk.jpg 512w, https:\/\/www.atransfvof.se\/wp-content\/uploads\/2020\/12\/1fisk-300x300.jpg 300w, https:\/\/www.atransfvof.se\/wp-content\/uploads\/2020\/12\/1fisk-150x150.jpg 150w\" sizes=\"(max-width: 512px) 100vw, 512px\" \/><\/figure><div class=\"wp-block-media-text__content\">\n<p>Det f\u00f6rsta k\u00e4nda fiskev\u00e5rdsprojektet i \u00c4tran var anl\u00e4ggandet av en denilr\u00e4nna vid Hertings kraftverk 1947 som byggdes i samband med att kraftverket Herting 2 togs i bruk. Innan dess kunde fisk passera genom naturf\u00e5ran.<br><\/p>\n\n\n\n<p>Sydkraft utf\u00f6rde biotopv\u00e5rds\u00e5tg\u00e4rder p\u00e5 ett ca 1 hektar stort omr\u00e5de nedstr\u00f6ms \u00c4trafors kraftverk 1991. Stenutl\u00e4ggningen resulterade i ind\u00e4mning och erosion i strandzonen och som ett resultat av den o\u00f6nskade p\u00e5verkan togs block > 40 cm bort 1994.<\/p>\n<\/div><\/div>\n\n\n\n<h3>Aktuellt<\/h3>\n\n\n\n<p class=\"ruta\">x<\/p>\n\n\n\n<p>y<\/p>\n\n\n\n<p>z<\/p>\n","protected":false},"excerpt":{"rendered":"<p>Fiskev\u00e5rdsprojekt Det f\u00f6rsta k\u00e4nda fiskev\u00e5rdsprojektet i \u00c4tran var anl\u00e4ggandet av en denilr\u00e4nna vid Hertings kraftverk 1947 som byggdes i samband med att kraftverket Herting 2 togs i bruk. Innan dess kunde fisk passera genom naturf\u00e5ran. Sydkraft utf\u00f6rde biotopv\u00e5rds\u00e5tg\u00e4rder p\u00e5 ett ca 1 hektar stort omr\u00e5de nedstr\u00f6ms \u00c4trafors kraftverk 1991. Stenutl\u00e4ggningen resulterade i ind\u00e4mning och erosion &hellip;<\/p>\n<p class=\"read-more\"> <a class=\"\" href=\"https:\/\/www.atransfvof.se\/index.php\/fiskevardsprojekt\/\"> <span class=\"screen-reader-text\">Fiskev\u00e5rdsprojekt<\/span> L\u00e4s mer &raquo;<\/a><\/p>\n","protected":false},"author":1,"featured_media":0,"parent":0,"menu_order":0,"comment_status":"closed","ping_status":"closed","template":"","meta":{"site-sidebar-layout":"default","site-content-layout":"default","ast-main-header-display":"","ast-hfb-above-header-display":"","ast-hfb-below-header-display":"","ast-hfb-mobile-header-display":"","site-post-title":"disabled","ast-breadcrumbs-content":"","ast-featured-img":"","footer-sml-layout":"","theme-transparent-header-meta":"default","adv-header-id-meta":"","stick-header-meta":"","header-above-stick-meta":"","header-main-stick-meta":"","header-below-stick-meta":""},"_links":{"self":[{"href":"https:\/\/www.atransfvof.se\/index.php\/wp-json\/wp\/v2\/pages\/1402"}],"collection":[{"href":"https:\/\/www.atransfvof.se\/index.php\/wp-json\/wp\/v2\/pages"}],"about":[{"href":"https:\/\/www.atransfvof.se\/index.php\/wp-json\/wp\/v2\/types\/page"}],"author":[{"embeddable":true,"href":"https:\/\/www.atransfvof.se\/index.php\/wp-json\/wp\/v2\/users\/1"}],"replies":[{"embeddable":true,"href":"https:\/\/www.atransfvof.se\/index.php\/wp-json\/wp\/v2\/comments?post=1402"}],"version-history":[{"count":1,"href":"https:\/\/www.atransfvof.se\/index.php\/wp-json\/wp\/v2\/pages\/1402\/revisions"}],"predecessor-version":[{"id":1403,"href":"https:\/\/www.atransfvof.se\/index.php\/wp-json\/wp\/v2\/pages\/1402\/revisions\/1403"}],"wp:attachment":[{"href":"https:\/\/www.atransfvof.se\/index.php\/wp-json\/wp\/v2\/media?parent=1402"}],"curies":[{"name":"wp","href":"https:\/\/api.w.org\/{rel}","templated":true}]}}