{"id":1326,"date":"2021-02-02T13:59:14","date_gmt":"2021-02-02T12:59:14","guid":{"rendered":"http:\/\/www.atransfvof.se\/?page_id=1326"},"modified":"2021-02-12T12:50:47","modified_gmt":"2021-02-12T11:50:47","slug":"fiskevard-hogvadsan","status":"publish","type":"page","link":"https:\/\/www.atransfvof.se\/index.php\/fiskevard-hogvadsan\/","title":{"rendered":"Fiskev\u00e5rd H\u00f6gvads\u00e5n"},"content":{"rendered":"\n<h1>H\u00e5gvads\u00e5n<\/h1>\n\n\n\n<div class=\"wp-block-media-text alignwide has-media-on-the-right is-stacked-on-mobile is-vertically-aligned-top\"><figure class=\"wp-block-media-text__media\"><img loading=\"lazy\" width=\"1024\" height=\"1024\" src=\"http:\/\/www.atransfvof.se\/wp-content\/uploads\/2021\/02\/dam.jpg\" alt=\"\" class=\"wp-image-1360 size-full\" srcset=\"https:\/\/www.atransfvof.se\/wp-content\/uploads\/2021\/02\/dam.jpg 1024w, https:\/\/www.atransfvof.se\/wp-content\/uploads\/2021\/02\/dam-300x300.jpg 300w, https:\/\/www.atransfvof.se\/wp-content\/uploads\/2021\/02\/dam-150x150.jpg 150w, https:\/\/www.atransfvof.se\/wp-content\/uploads\/2021\/02\/dam-768x768.jpg 768w\" sizes=\"(max-width: 1024px) 100vw, 1024px\" \/><\/figure><div class=\"wp-block-media-text__content\">\n<p><strong>Fiskev\u00e5rdsomr\u00e5det str\u00e4cker sig fr\u00e5n Lia till mynningen i \u00c4tran och fiske \u00e4r m\u00f6jligt p\u00e5 tre olika str\u00e4ckor.<\/strong><\/p>\n\n\n\n<p><strong>Omr\u00e5de Nydala:<\/strong> Endast flugfiske \u00e4r till\u00e5tet nedstr\u00f6ms Nydala kvarn. Spinnfiske och mete \u00e4r f\u00f6rbjudet p\u00e5 denna str\u00e4cka. Alla fiskes\u00e4tt \u00e4r till\u00e5tet uppstr\u00f6ms Nydala kvarn. Allt fiske \u00e4r f\u00f6rbjudet p\u00e5 piren efter 1\/8.<br>54<br><\/p>\n\n\n\n<p><strong>Omr\u00e5de Kogstorp:<\/strong> Fiske \u00e4r till\u00e5tet mellan kraftledningen 500 m uppstr\u00f6ms tr\u00e4bron och 100 meter norr om stenbron vid Boarp. Kortfiske till\u00e5tet endast p\u00e5 \u00e5ns v\u00e4stra sida.<br><\/p>\n\n\n\n<p><strong>Omr\u00e5de Ullared<\/strong>: Fiske \u00e4r till\u00e5tet mellan V\u00e4gbron i Ullared (v\u00e4g 154) och fram till d\u00e4r skogen b\u00f6rjar s\u00f6der om Barkhult.<\/p>\n<\/div><\/div>\n\n\n\n<h2>Fiskekort<\/h2>\n\n\n\n<p style=\"margin-left:30px; width:100%;\">\n<iframe loading=\"lazy\" style=\"border:none; width:100%; height:320px;\" src=\"https:\/\/www.ifiske.se\/sv\/store\/d6185ef9\" width=\"100%\" height=\"320\"><\/iframe>\n<\/p>\n\n\n\n<h2>Fiskeregler<\/h2>\n\n\n\n<p style=\"margin-left:30px; width:100%;\">\n<iframe loading=\"lazy\" style=\"border:none; width:100%; height:720px;\" src=\"https:\/\/www.ifiske.se\/sv\/rules\/d6185ef9\" width=\"100%\" height=\"720\"><\/iframe>\n<\/p>\n","protected":false},"excerpt":{"rendered":"<p>H\u00e5gvads\u00e5n Fiskev\u00e5rdsomr\u00e5det str\u00e4cker sig fr\u00e5n Lia till mynningen i \u00c4tran och fiske \u00e4r m\u00f6jligt p\u00e5 tre olika str\u00e4ckor. Omr\u00e5de Nydala: Endast flugfiske \u00e4r till\u00e5tet nedstr\u00f6ms Nydala kvarn. Spinnfiske och mete \u00e4r f\u00f6rbjudet p\u00e5 denna str\u00e4cka. Alla fiskes\u00e4tt \u00e4r till\u00e5tet uppstr\u00f6ms Nydala kvarn. Allt fiske \u00e4r f\u00f6rbjudet p\u00e5 piren efter 1\/8.54 Omr\u00e5de Kogstorp: Fiske \u00e4r till\u00e5tet &hellip;<\/p>\n<p class=\"read-more\"> <a class=\"\" href=\"https:\/\/www.atransfvof.se\/index.php\/fiskevard-hogvadsan\/\"> <span class=\"screen-reader-text\">Fiskev\u00e5rd H\u00f6gvads\u00e5n<\/span> L\u00e4s mer &raquo;<\/a><\/p>\n","protected":false},"author":1,"featured_media":0,"parent":0,"menu_order":0,"comment_status":"closed","ping_status":"closed","template":"","meta":{"site-sidebar-layout":"default","site-content-layout":"default","ast-main-header-display":"","ast-hfb-above-header-display":"","ast-hfb-below-header-display":"","ast-hfb-mobile-header-display":"","site-post-title":"disabled","ast-breadcrumbs-content":"","ast-featured-img":"","footer-sml-layout":"","theme-transparent-header-meta":"default","adv-header-id-meta":"","stick-header-meta":"","header-above-stick-meta":"","header-main-stick-meta":"","header-below-stick-meta":""},"_links":{"self":[{"href":"https:\/\/www.atransfvof.se\/index.php\/wp-json\/wp\/v2\/pages\/1326"}],"collection":[{"href":"https:\/\/www.atransfvof.se\/index.php\/wp-json\/wp\/v2\/pages"}],"about":[{"href":"https:\/\/www.atransfvof.se\/index.php\/wp-json\/wp\/v2\/types\/page"}],"author":[{"embeddable":true,"href":"https:\/\/www.atransfvof.se\/index.php\/wp-json\/wp\/v2\/users\/1"}],"replies":[{"embeddable":true,"href":"https:\/\/www.atransfvof.se\/index.php\/wp-json\/wp\/v2\/comments?post=1326"}],"version-history":[{"count":10,"href":"https:\/\/www.atransfvof.se\/index.php\/wp-json\/wp\/v2\/pages\/1326\/revisions"}],"predecessor-version":[{"id":1548,"href":"https:\/\/www.atransfvof.se\/index.php\/wp-json\/wp\/v2\/pages\/1326\/revisions\/1548"}],"wp:attachment":[{"href":"https:\/\/www.atransfvof.se\/index.php\/wp-json\/wp\/v2\/media?parent=1326"}],"curies":[{"name":"wp","href":"https:\/\/api.w.org\/{rel}","templated":true}]}}