{"id":1324,"date":"2021-02-02T13:58:49","date_gmt":"2021-02-02T12:58:49","guid":{"rendered":"http:\/\/www.atransfvof.se\/?page_id=1324"},"modified":"2021-02-12T12:04:51","modified_gmt":"2021-02-12T11:04:51","slug":"fiskevard-atran-vessigebron-atraforsdammen","status":"publish","type":"page","link":"https:\/\/www.atransfvof.se\/index.php\/fiskevard-atran-vessigebron-atraforsdammen\/","title":{"rendered":"Fiskev\u00e5rd \u00c4tran Vessigebron-\u00c4traforsdammen"},"content":{"rendered":"\n<h1>\u00c4tran Vessigebron-\u00c4traforsdammen<\/h1>\n\n\n\n<div class=\"wp-block-media-text alignwide has-media-on-the-right is-stacked-on-mobile is-vertically-aligned-top\"><figure class=\"wp-block-media-text__media\"><img loading=\"lazy\" width=\"512\" height=\"512\" src=\"http:\/\/www.atransfvof.se\/wp-content\/uploads\/2021\/02\/skeddrag.jpg\" alt=\"\" class=\"wp-image-1367 size-full\" srcset=\"https:\/\/www.atransfvof.se\/wp-content\/uploads\/2021\/02\/skeddrag.jpg 512w, https:\/\/www.atransfvof.se\/wp-content\/uploads\/2021\/02\/skeddrag-300x300.jpg 300w, https:\/\/www.atransfvof.se\/wp-content\/uploads\/2021\/02\/skeddrag-150x150.jpg 150w\" sizes=\"(max-width: 512px) 100vw, 512px\" \/><\/figure><div class=\"wp-block-media-text__content\">\n<p><strong>Fisket i denna del av \u00e4tran som arrenderas av Hallands sportfiskeklubb och Bor\u00e5s sportfiskeklubb<\/strong><\/p>\n\n\n\n<p>\u00c4trans nedre FVO och H\u00f6gvads\u00e5n FVO har f\u00f6rordnade tillsynspersoner som verkar inom respektive fiskev\u00e5rds-omr\u00e5des str\u00e4cka.<\/p>\n\n\n\n<h2>Fiskekort<\/h2>\n\n\n\n<p>Fisket uppl\u00e5ts till respektive klubbs medlemmar.<\/p>\n\n\n\n<h2>Fiskeregler<\/h2>\n\n\n\n<p>Se klubbarnas f\u00f6reskrifter och hemsidor f\u00f6r information.<\/p>\n\n\n\n<p><\/p>\n<\/div><\/div>\n","protected":false},"excerpt":{"rendered":"<p>\u00c4tran Vessigebron-\u00c4traforsdammen Fisket i denna del av \u00e4tran som arrenderas av Hallands sportfiskeklubb och Bor\u00e5s sportfiskeklubb \u00c4trans nedre FVO och H\u00f6gvads\u00e5n FVO har f\u00f6rordnade tillsynspersoner som verkar inom respektive fiskev\u00e5rds-omr\u00e5des str\u00e4cka. Fiskekort Fisket uppl\u00e5ts till respektive klubbs medlemmar. Fiskeregler Se klubbarnas f\u00f6reskrifter och hemsidor f\u00f6r information.<\/p>\n","protected":false},"author":1,"featured_media":0,"parent":0,"menu_order":0,"comment_status":"closed","ping_status":"closed","template":"","meta":{"site-sidebar-layout":"default","site-content-layout":"default","ast-main-header-display":"","ast-hfb-above-header-display":"","ast-hfb-below-header-display":"","ast-hfb-mobile-header-display":"","site-post-title":"disabled","ast-breadcrumbs-content":"","ast-featured-img":"","footer-sml-layout":"","theme-transparent-header-meta":"default","adv-header-id-meta":"","stick-header-meta":"","header-above-stick-meta":"","header-main-stick-meta":"","header-below-stick-meta":""},"_links":{"self":[{"href":"https:\/\/www.atransfvof.se\/index.php\/wp-json\/wp\/v2\/pages\/1324"}],"collection":[{"href":"https:\/\/www.atransfvof.se\/index.php\/wp-json\/wp\/v2\/pages"}],"about":[{"href":"https:\/\/www.atransfvof.se\/index.php\/wp-json\/wp\/v2\/types\/page"}],"author":[{"embeddable":true,"href":"https:\/\/www.atransfvof.se\/index.php\/wp-json\/wp\/v2\/users\/1"}],"replies":[{"embeddable":true,"href":"https:\/\/www.atransfvof.se\/index.php\/wp-json\/wp\/v2\/comments?post=1324"}],"version-history":[{"count":3,"href":"https:\/\/www.atransfvof.se\/index.php\/wp-json\/wp\/v2\/pages\/1324\/revisions"}],"predecessor-version":[{"id":1499,"href":"https:\/\/www.atransfvof.se\/index.php\/wp-json\/wp\/v2\/pages\/1324\/revisions\/1499"}],"wp:attachment":[{"href":"https:\/\/www.atransfvof.se\/index.php\/wp-json\/wp\/v2\/media?parent=1324"}],"curies":[{"name":"wp","href":"https:\/\/api.w.org\/{rel}","templated":true}]}}