{"id":1320,"date":"2021-02-02T13:56:39","date_gmt":"2021-02-02T12:56:39","guid":{"rendered":"http:\/\/www.atransfvof.se\/?page_id=1320"},"modified":"2021-02-12T12:50:17","modified_gmt":"2021-02-12T11:50:17","slug":"fiskevard-atrans-nedre-fvo","status":"publish","type":"page","link":"https:\/\/www.atransfvof.se\/index.php\/fiskevard-atrans-nedre-fvo\/","title":{"rendered":"Fiskev\u00e5rd \u00c4trans Nedre FVO"},"content":{"rendered":"\n<h1>\u00c4trans Nedre FVO<\/h1>\n\n\n\n<div class=\"wp-block-media-text alignwide has-media-on-the-right is-stacked-on-mobile is-vertically-aligned-top\"><figure class=\"wp-block-media-text__media\"><img loading=\"lazy\" width=\"1024\" height=\"1024\" src=\"http:\/\/www.atransfvof.se\/wp-content\/uploads\/2020\/12\/1flugfiskare.jpg\" alt=\"\" class=\"wp-image-1267 size-full\" srcset=\"https:\/\/www.atransfvof.se\/wp-content\/uploads\/2020\/12\/1flugfiskare.jpg 1024w, https:\/\/www.atransfvof.se\/wp-content\/uploads\/2020\/12\/1flugfiskare-300x300.jpg 300w, https:\/\/www.atransfvof.se\/wp-content\/uploads\/2020\/12\/1flugfiskare-150x150.jpg 150w, https:\/\/www.atransfvof.se\/wp-content\/uploads\/2020\/12\/1flugfiskare-768x768.jpg 768w\" sizes=\"(max-width: 1024px) 100vw, 1024px\" \/><\/figure><div class=\"wp-block-media-text__content\">\n<p><strong>Fiskev\u00e5rdsomr\u00e5det omfattar \u00c4trans huvudf\u00e5ra p\u00e5 str\u00e4ckan mellan mynningen i Kattegatt till bron i Vessigebro. <\/strong><\/p>\n\n\n\n<p>\u00d6vre delen av str\u00e4ckan, fr\u00e5n bron i Vessigebro till en gr\u00e4nsmarkering ca 400 meter nedstr\u00f6ms, \u00e4r utpekat som ett omr\u00e5de endast f\u00f6r lax och havs\u00f6ringsfiske. Mellan gr\u00e4nsmarkeringen och gamla E6-bron \u00e4r fiske till\u00e5tet efter samtliga arter. P\u00e5 str\u00e4ckan mellan gamla E6-bron och Hertings kraftstation r\u00e5der fiskef\u00f6rbud. Nedre delen av fiskev\u00e5rdsomr\u00e5det, fr\u00e5n Hertingforsen och nedstr\u00f6ms, arrenderas av Falkenbergs kommun. Fiskekort p\u00e5 denna str\u00e4cka s\u00e4ljs av Falkenbergs Laxfiske.<\/p>\n<\/div><\/div>\n\n\n\n<h2>Fiskekort<\/h2>\n\n\n\n<p style=\"margin-left:30px; width:100%;\">\n<iframe loading=\"lazy\" style=\"border:none; width:100%; height:400px;\" src=\"https:\/\/www.ifiske.se\/sv\/store\/d8d1cd7e\" width=\"100%\" height=\"400\" \/><\/iframe>\n<\/p>\n\n\n\n<h2>Fiskeregler<\/h2>\n\n\n\n<p style=\"margin-left:30px; width:100%;\">\n<iframe loading=\"lazy\" style=\"border:none; width:100%; height:720px;\" src=\"https:\/\/www.ifiske.se\/sv\/rules\/d8d1cd7e\" width=\"100%\" height=\"720\"><\/iframe>\n<\/p>\n","protected":false},"excerpt":{"rendered":"<p>\u00c4trans Nedre FVO Fiskev\u00e5rdsomr\u00e5det omfattar \u00c4trans huvudf\u00e5ra p\u00e5 str\u00e4ckan mellan mynningen i Kattegatt till bron i Vessigebro. \u00d6vre delen av str\u00e4ckan, fr\u00e5n bron i Vessigebro till en gr\u00e4nsmarkering ca 400 meter nedstr\u00f6ms, \u00e4r utpekat som ett omr\u00e5de endast f\u00f6r lax och havs\u00f6ringsfiske. Mellan gr\u00e4nsmarkeringen och gamla E6-bron \u00e4r fiske till\u00e5tet efter samtliga arter. P\u00e5 str\u00e4ckan &hellip;<\/p>\n<p class=\"read-more\"> <a class=\"\" href=\"https:\/\/www.atransfvof.se\/index.php\/fiskevard-atrans-nedre-fvo\/\"> <span class=\"screen-reader-text\">Fiskev\u00e5rd \u00c4trans Nedre FVO<\/span> L\u00e4s mer &raquo;<\/a><\/p>\n","protected":false},"author":1,"featured_media":0,"parent":0,"menu_order":0,"comment_status":"closed","ping_status":"closed","template":"","meta":{"site-sidebar-layout":"default","site-content-layout":"default","ast-main-header-display":"","ast-hfb-above-header-display":"","ast-hfb-below-header-display":"","ast-hfb-mobile-header-display":"","site-post-title":"disabled","ast-breadcrumbs-content":"","ast-featured-img":"","footer-sml-layout":"","theme-transparent-header-meta":"default","adv-header-id-meta":"","stick-header-meta":"","header-above-stick-meta":"","header-main-stick-meta":"","header-below-stick-meta":""},"_links":{"self":[{"href":"https:\/\/www.atransfvof.se\/index.php\/wp-json\/wp\/v2\/pages\/1320"}],"collection":[{"href":"https:\/\/www.atransfvof.se\/index.php\/wp-json\/wp\/v2\/pages"}],"about":[{"href":"https:\/\/www.atransfvof.se\/index.php\/wp-json\/wp\/v2\/types\/page"}],"author":[{"embeddable":true,"href":"https:\/\/www.atransfvof.se\/index.php\/wp-json\/wp\/v2\/users\/1"}],"replies":[{"embeddable":true,"href":"https:\/\/www.atransfvof.se\/index.php\/wp-json\/wp\/v2\/comments?post=1320"}],"version-history":[{"count":18,"href":"https:\/\/www.atransfvof.se\/index.php\/wp-json\/wp\/v2\/pages\/1320\/revisions"}],"predecessor-version":[{"id":1549,"href":"https:\/\/www.atransfvof.se\/index.php\/wp-json\/wp\/v2\/pages\/1320\/revisions\/1549"}],"wp:attachment":[{"href":"https:\/\/www.atransfvof.se\/index.php\/wp-json\/wp\/v2\/media?parent=1320"}],"curies":[{"name":"wp","href":"https:\/\/api.w.org\/{rel}","templated":true}]}}