{"id":1233,"date":"2020-12-08T15:55:08","date_gmt":"2020-12-08T14:55:08","guid":{"rendered":"http:\/\/www.atransfvof.se\/?page_id=1233"},"modified":"2020-12-08T16:06:26","modified_gmt":"2020-12-08T15:06:26","slug":"fisketillsyn","status":"publish","type":"page","link":"https:\/\/www.atransfvof.se\/index.php\/fisketillsyn\/","title":{"rendered":"Fisketillsyn"},"content":{"rendered":"\n<h1>Fisketillsyn<\/h1>\n\n\n\n<div class=\"wp-block-media-text alignwide has-media-on-the-right is-stacked-on-mobile is-vertically-aligned-top\"><figure class=\"wp-block-media-text__media\"><img loading=\"lazy\" width=\"1024\" height=\"1024\" src=\"http:\/\/www.atransfvof.se\/wp-content\/uploads\/2020\/12\/tillsyn-1.jpg\" alt=\"\" class=\"wp-image-1231\" srcset=\"https:\/\/www.atransfvof.se\/wp-content\/uploads\/2020\/12\/tillsyn-1.jpg 1024w, https:\/\/www.atransfvof.se\/wp-content\/uploads\/2020\/12\/tillsyn-1-300x300.jpg 300w, https:\/\/www.atransfvof.se\/wp-content\/uploads\/2020\/12\/tillsyn-1-150x150.jpg 150w, https:\/\/www.atransfvof.se\/wp-content\/uploads\/2020\/12\/tillsyn-1-768x768.jpg 768w\" sizes=\"(max-width: 1024px) 100vw, 1024px\" \/><\/figure><div class=\"wp-block-media-text__content\">\n<p><strong>Tillsyn tillsammans med f\u00e5ngstrapportering \u00e4r grunden f\u00f6r att kunna uppr\u00e4tth\u00e5lla f\u00f6rvaltningsm\u00e5len.<\/strong><\/p>\n\n\n\n<p>\u00c4trans nedre FVO och H\u00f6gvads\u00e5n FVO har f\u00f6rordnade tillsynspersoner som verkar inom respektive fiskev\u00e5rds-omr\u00e5des str\u00e4cka.<\/p>\n\n\n\n<p>P\u00e5 str\u00e4ckan som arrenderas av Hallands sportfiskeklubb bedrivs ingen aktiv eller ordnad tillsyn. Enligt Patrik Lindstr\u00f6m, Hallands SFK, ut\u00f6var medlemmarna en kollektiv fisketillsyn.<\/p>\n\n\n\n<p>Huruvida det bedrivs n\u00e5gon aktiv tillsyn p\u00e5 Bor\u00e5s sportfiskeklubbs vatten \u00e4r oklart<\/p>\n<\/div><\/div>\n\n\n\n<h3>F\u00f6rordning (1994:1716) om fisket, vattenbruket och fiskerin\u00e4ringen<\/h3>\n\n\n\n<p class=\"ruta\">F\u00f6rordning (1994:1716) om fisket, vattenbruket och fiskerin\u00e4ringen<br>5 kap 2 \u00a7 En fisketillsyningsman f\u00f6rordnas av L\u00e4nsstyrelsen.<br>Fiskelagen (1993:787)<br>34 \u00a7 F\u00f6r tillsyn \u00f6ver efterlevnaden av denna lag och f\u00f6reskrifter meddelade med st\u00f6d av lagen f\u00e5r regeringen eller den myndighet som regeringen best\u00e4mmer utse fisketillsyningsm\u00e4n.<br>F\u00f6r kontroll av efterlevnaden av denna lag och f\u00f6reskrifter som meddelats med st\u00f6d av lagen samt f\u00f6reskrifter om fisket i EU:s f\u00f6rordningar om den gemensamma fiskepolitiken har en fisketillsyningsman som f\u00f6rordnats d\u00e4rtill och annan befattningshavare hos Havs- och vattenmyndigheten, l\u00e4nsstyrelsen eller annan myndighet i vars uppgifter det ing\u00e5r att \u00f6vervaka efterlevnaden om fiske r\u00e4tt till<br>1. f\u00e5 tilltr\u00e4de till fartyg, fordon, omr\u00e5den, anl\u00e4ggningar, byggnader, lokaler och andra utrymmen d\u00e4r fisk och utrustning f\u00f6r fisket f\u00f6rvaras eller hanteras f\u00f6r att d\u00e4r g\u00f6ra de unders\u00f6kningar och ta de prover som beh\u00f6vs f\u00f6r tillsynen utan att ers\u00e4ttning l\u00e4mnas,<br>2. p\u00e5 beg\u00e4ran f\u00e5 de upplysningar och handlingar som beh\u00f6vs f\u00f6r tillsynen, och<br>3. f\u00e5 den hj\u00e4lp som beh\u00f6vs f\u00f6r tillsynen av den som \u00e4r f\u00f6rem\u00e5l f\u00f6r \u00e5tg\u00e4rden.<br>En tillsyningsman f\u00e5r \u00e4ven ges tillst\u00e5nd att ta egendom i beslag enligt 47 \u00a7.<br>Polismyndigheten ska p\u00e5 beg\u00e4ran l\u00e4mna den hj\u00e4lp som beh\u00f6vs vid tillsynen.<br>47 \u00a7 Om n\u00e5gon ertappas p\u00e5 bar g\u00e4rning n\u00e4r han eller hon beg\u00e5r brott enligt denna lag, f\u00e5r beslag g\u00f6ras av fisk, redskap, fiskefartyg eller andra f\u00f6rem\u00e5l som<br>1. sk\u00e4ligen kan antas ha betydelse f\u00f6r utredning av brottet, eller<br>2. kan antas bli f\u00f6rem\u00e5l f\u00f6r f\u00f6rverkande enligt denna lag.<br>Befogenheter enligt f\u00f6rsta stycket har<br>1. fisketillsyningsm\u00e4n som getts f\u00f6rordnande enligt 34 \u00a7 tredje stycket, och<br>2. s\u00e5dana befattningshavare hos Kustbevakningen, Havs- och vattenmyndigheten eller l\u00e4nsstyrelsen d\u00e4r det ing\u00e5r att \u00f6vervaka efterlevnaden av best\u00e4mmelser om fiske.<br>Samma befogenheter har, om fisket kr\u00e4nker enskild fisker\u00e4tt, den som innehar fisker\u00e4tten eller den som f\u00f6retr\u00e4der honom eller henne.<\/p>\n","protected":false},"excerpt":{"rendered":"<p>Fisketillsyn Tillsyn tillsammans med f\u00e5ngstrapportering \u00e4r grunden f\u00f6r att kunna uppr\u00e4tth\u00e5lla f\u00f6rvaltningsm\u00e5len. \u00c4trans nedre FVO och H\u00f6gvads\u00e5n FVO har f\u00f6rordnade tillsynspersoner som verkar inom respektive fiskev\u00e5rds-omr\u00e5des str\u00e4cka. P\u00e5 str\u00e4ckan som arrenderas av Hallands sportfiskeklubb bedrivs ingen aktiv eller ordnad tillsyn. Enligt Patrik Lindstr\u00f6m, Hallands SFK, ut\u00f6var medlemmarna en kollektiv fisketillsyn. Huruvida det bedrivs n\u00e5gon aktiv &hellip;<\/p>\n<p class=\"read-more\"> <a class=\"\" href=\"https:\/\/www.atransfvof.se\/index.php\/fisketillsyn\/\"> <span class=\"screen-reader-text\">Fisketillsyn<\/span> L\u00e4s mer &raquo;<\/a><\/p>\n","protected":false},"author":1,"featured_media":0,"parent":0,"menu_order":0,"comment_status":"closed","ping_status":"closed","template":"","meta":{"site-sidebar-layout":"default","site-content-layout":"default","ast-main-header-display":"","ast-hfb-above-header-display":"","ast-hfb-below-header-display":"","ast-hfb-mobile-header-display":"","site-post-title":"disabled","ast-breadcrumbs-content":"","ast-featured-img":"","footer-sml-layout":"","theme-transparent-header-meta":"default","adv-header-id-meta":"","stick-header-meta":"","header-above-stick-meta":"","header-main-stick-meta":"","header-below-stick-meta":""},"_links":{"self":[{"href":"https:\/\/www.atransfvof.se\/index.php\/wp-json\/wp\/v2\/pages\/1233"}],"collection":[{"href":"https:\/\/www.atransfvof.se\/index.php\/wp-json\/wp\/v2\/pages"}],"about":[{"href":"https:\/\/www.atransfvof.se\/index.php\/wp-json\/wp\/v2\/types\/page"}],"author":[{"embeddable":true,"href":"https:\/\/www.atransfvof.se\/index.php\/wp-json\/wp\/v2\/users\/1"}],"replies":[{"embeddable":true,"href":"https:\/\/www.atransfvof.se\/index.php\/wp-json\/wp\/v2\/comments?post=1233"}],"version-history":[{"count":14,"href":"https:\/\/www.atransfvof.se\/index.php\/wp-json\/wp\/v2\/pages\/1233\/revisions"}],"predecessor-version":[{"id":1254,"href":"https:\/\/www.atransfvof.se\/index.php\/wp-json\/wp\/v2\/pages\/1233\/revisions\/1254"}],"wp:attachment":[{"href":"https:\/\/www.atransfvof.se\/index.php\/wp-json\/wp\/v2\/media?parent=1233"}],"curies":[{"name":"wp","href":"https:\/\/api.w.org\/{rel}","templated":true}]}}