{"id":1215,"date":"2020-12-08T15:31:00","date_gmt":"2020-12-08T14:31:00","guid":{"rendered":"http:\/\/www.atransfvof.se\/?page_id=1215"},"modified":"2021-02-19T16:10:16","modified_gmt":"2021-02-19T15:10:16","slug":"atrans-vattenavrinning","status":"publish","type":"page","link":"https:\/\/www.atransfvof.se\/index.php\/atrans-vattenavrinning\/","title":{"rendered":"Vattenkvalit\u00e9"},"content":{"rendered":"\n<h1>Vattenkvalit\u00e9<\/h1>\n\n\n\n<figure class=\"wp-block-image size-large\"><img loading=\"lazy\" width=\"1024\" height=\"421\" src=\"http:\/\/www.atransfvof.se\/wp-content\/uploads\/2020\/12\/springtime-1024x421.jpg\" alt=\"\" class=\"wp-image-1285\" srcset=\"https:\/\/www.atransfvof.se\/wp-content\/uploads\/2020\/12\/springtime-1024x421.jpg 1024w, https:\/\/www.atransfvof.se\/wp-content\/uploads\/2020\/12\/springtime-300x123.jpg 300w, https:\/\/www.atransfvof.se\/wp-content\/uploads\/2020\/12\/springtime-768x316.jpg 768w, https:\/\/www.atransfvof.se\/wp-content\/uploads\/2020\/12\/springtime.jpg 1280w\" sizes=\"(max-width: 1024px) 100vw, 1024px\" \/><\/figure>\n\n\n\n<p>L\u00e4nsstyrelsen i Hallands l\u00e4n bedriver kalkeffektuppf\u00f6ljning i l\u00e4nets kalkade vatten. Inom kalkeffektuppf\u00f6ljnings-programmet utf\u00f6rs vattenkemisk provtagning, bottenfauna-unders\u00f6kningar samt elfisken i vattendrag. Dessutom ing\u00e5r de unders\u00f6kningar som g\u00f6rs i laxf\u00e4llan vid Nydala kvarn i H\u00f6gvads\u00e5n d\u00e4r uppvandringen av lekfisk och utvandringen av smolt har f\u00f6ljts sedan 1950-talet. P\u00e5 samtliga vatten-kemistationer g\u00f6rs analyser av pH, alkalinitet, konduktivitet, f\u00e4rgtal, kalcium och magnesium.<\/p>\n\n\n\n<h2>Surhet<\/h2>\n\n\n\n<p><img loading=\"lazy\" width=\"1024\" height=\"1024\" class=\"wp-image-1293\" hspace=\"8\" style=\"float:right; width: 300px;\" src=\"http:\/\/www.atransfvof.se\/wp-content\/uploads\/2020\/12\/2sample.jpg\" alt=\"\" srcset=\"https:\/\/www.atransfvof.se\/wp-content\/uploads\/2020\/12\/2sample.jpg 1024w, https:\/\/www.atransfvof.se\/wp-content\/uploads\/2020\/12\/2sample-300x300.jpg 300w, https:\/\/www.atransfvof.se\/wp-content\/uploads\/2020\/12\/2sample-150x150.jpg 150w, https:\/\/www.atransfvof.se\/wp-content\/uploads\/2020\/12\/2sample-768x768.jpg 768w\" sizes=\"(max-width: 1024px) 100vw, 1024px\" \/><strong>Surheten <\/strong>(pH) \u00e4r ett m\u00e5tt p\u00e5 antalet v\u00e4te-joner i vattnet. pH minskar med \u00f6kande antal v\u00e4tejoner i vattnet. F\u00f6rsurningsp\u00e5verkan \u00e4r mer omfattande i omr\u00e5den med marker som har l\u00e5g f\u00f6rm\u00e5ga att neutralisera det sura nedfallet.<br><strong>Alkaliniteten <\/strong>\u00e4r ett m\u00e5tt p\u00e5 buffert-kapaciteten, d v s vattnets f\u00f6rm\u00e5ga att t\u00e5la tillskott av v\u00e4tejoner utan att reagera med pH-s\u00e4nkning. Om alkaliniteten \u00e4r noll sjunker pH vid varje tillskott av sura produkter (Byd\u00e9n m.fl., 1996).<\/p>\n\n\n\n<p>I \u00c4trans vattensystem, inom Hallands l\u00e4n, bedrivs kalkning i tre \u00e5tg\u00e4rdsomr\u00e5den: H\u00f6gvads\u00e5n, Lill\u00e5n och Bossj\u00f6n\/Mulen. Lill\u00e5n mynnar vid Vessigebro och avvattnar sj\u00f6ar \u00f6ster om \u00c4tran. \u00c5tg\u00e4rdsomr\u00e5det Bossj\u00f6n\/Mulen avvattnas via Kvarnab\u00e4cken till \u00c4tran mellan Skogsforsens och Sk\u00e5pan\u00e4s kraftverk. Det sistn\u00e4mnda \u00e5tg\u00e4rdsomr\u00e5det \u00e4r d\u00e4rf\u00f6r inte aktuellt att beskriva n\u00e4rmre i f\u00f6religgande rapport.<\/p>\n\n\n\n<h2>N\u00e4ringshalter<\/h2>\n\n\n\n<p>\u00c4trans vattenr\u00e5d utf\u00f6r, inom ramen f\u00f6r den samordnade recipientkontrollen (SRK), regelbunden vattenkemisk prov-tagning p\u00e5 en m\u00e4ngd m\u00e4tstationer i \u00c4trans vattensystem. Inom ramen f\u00f6r vattenr\u00e5dets verksamhet genomf\u00f6rs provtagningar av totalfosfor (Tot-P), f\u00e4rgtal och turbiditet i \u00c4tran vid \u00c4trafors, i H\u00f6gvads\u00e5n vid utloppet i \u00c4tran, i Lill\u00e5n vid Vessige kyrka, i Sannarps\u00e5n och i Vin\u00e5n vid Faur\u00e5s.<\/p>\n\n\n\n<p><strong>\u00c4tran<\/strong><br>Markanv\u00e4ndningen uppstr\u00f6ms \u00c4trafors domineras av skog, \u00e4ven om jordbruk f\u00f6rekommer l\u00e4ngs vissa avsnitt l\u00e4ngs \u00e5n. Vattnet pr\u00e4glas troligen i viss m\u00e5n av dammarna, framf\u00f6rallt av den stora \u00c4traforsdammen, d\u00e4r b\u00e5de organiskt och oorganiskt material sannolikt sedimenterar.<br>Vattenprover som tas vid \u00c4trafors har de senaste fyra \u00e5ren visat l\u00e5ga till m\u00e5ttligt h\u00f6ga halter av fosfor. F\u00e4rghalten pendlar mellan m\u00e5ttligt f\u00e4rgat och betydligt f\u00e4rgat vatten. Enstaka m\u00e4tningar p\u00e5visar starkt f\u00e4rgat vatten. Grumligheten ligger normalt inom intervallet f\u00f6r m\u00e5ttligt grumligt vatten.<\/p>\n\n\n\n<p><strong>H\u00f6gvads\u00e5n<\/strong><br>L\u00e4ngs H\u00f6gvads\u00e5n bedrivs jordbruk i \u00e5ns n\u00e4romr\u00e5de n\u00e4stan upp till Ullared. D\u00e4refter dominerar skogsbruket mark-anv\u00e4ndningen. Vattnet i H\u00f6gvads\u00e5n p\u00e5verkas d\u00e4rmed av b\u00e5de jord- och skogsbruk, vilket p\u00e5verkar b\u00e5de fosfor- och f\u00e4rghalt.<br>Fosforhalten i H\u00f6gvads\u00e5n pendlar mellan l\u00e5ga halter och m\u00e5ttligt h\u00f6ga halter med enstaka m\u00e4tningar som visar h\u00f6ga halter. Vattnet i H\u00f6gvads\u00e5n \u00e4r betydligt eller starkt f\u00e4rgat, men l\u00e4gre m\u00e4tresultat f\u00f6rekommer. Turbiditeten var \u00e5ren 2016 &#8211; 2018 m\u00e5ttligt grumligt, men m\u00e4tningar fr\u00e5n och med h\u00f6sten 2018 och fram\u00e5t har p\u00e5visat betydligt grumligt vatten.<\/p>\n\n\n\n<p><strong>Lill\u00e5n<\/strong><br>Lill\u00e5n rinner genom ett jordbrukslandskap upp till Sj\u00f6nevad f\u00f6r att d\u00e4refter \u00f6verg\u00e5 alltmer i ett skogslandskap. \u00c5n har till skillnad mot m\u00e5nga andra vattendrag inte r\u00e4tats eller gr\u00e4vts om och har d\u00e4rmed kvar de ursprungliga meanderf\u00e5rorna vilket gynnar vattenkvaliteten.<br>I Lill\u00e5n finns endast m\u00e4tningar fr\u00e5n 2018 i webbtj\u00e4nsten Milj\u00f6data MVM. Resultaten fr\u00e5n m\u00e4tningarna 2018 indikerar att fosforhalten vanligen \u00e4r m\u00e5ttligt h\u00f6g. F\u00e4rghalten har varierat mellan alltifr\u00e5n svagt f\u00e4rgat till starkt f\u00e4rgat vatten. Turbiditeten varierar mellan m\u00e5ttligt och betydligt grumligt.<\/p>\n\n\n\n<p><strong>Sannarps\u00e5n<\/strong><br>Sannarps\u00e5n rinner genom ett omr\u00e5de som \u00e4r helt jordbruksdominerat. Nedre delen av \u00e5n tycks vara t\u00e4mligen op\u00e5verkad av fysiska ingrepp, men uppstr\u00f6ms v\u00e4gen mellan Vessigebro och \u00c5rstad har l\u00e5nga str\u00e4ckor av \u00e5n r\u00e4tats eller gr\u00e4vts om.<br>Fosforhalten i Sannarps\u00e5n \u00e4r h\u00f6g med enstaka v\u00e4rden som visar mycket h\u00f6ga halter av fosfor. Vattnet \u00e4r vid flertalet m\u00e4tningar svagt f\u00e4rgat, men vissa m\u00e4tningar p\u00e5visar m\u00e5ttligt f\u00e4rgat vatten. Turbiditeten visar n\u00e4stan uteslutande starkt grumligt vatten, och med v\u00e4rden som ofta \u00f6verskrider gr\u00e4nsv\u00e4rdet mycket kraftigt.<\/p>\n\n\n\n<p><strong>Vin\u00e5n<\/strong><br>St\u00f6rre delen av Vin\u00e5n passerar genom ett jordbruksdominerat landskap som har en stor inverkan p\u00e5 fosforhalt och grumling.<br>I Vin\u00e5n visar vattenprovtagningen att fosforhalten generellt \u00e4r h\u00f6g eller mycket h\u00f6g. Enstaka extremt h\u00f6ga fosforhalter f\u00f6rekommer. Vattnet \u00e4r vanligen m\u00e5ttligt f\u00e4rgat, men vid n\u00e5gra m\u00e4ttillf\u00e4llen noterades betydligt f\u00e4rgat vatten. Turbiditeten visar mestadels betydligt grumligt vatten, men t\u00e4mligen ofta v\u00e4rden som \u00f6verskrider gr\u00e4nsv\u00e4rdet f\u00f6r starkt grumligt vatten.<\/p>\n\n\n\n<blockquote class=\"wp-block-quote\"><p><strong>Turbiditet <\/strong>\u00e4r ett m\u00e5tt p\u00e5 m\u00e4ngden ol\u00f6st substans i vattnet (t ex slam, lera, v\u00e4xt- och djurplankton, mikrober, organiskt material). I rinnande vatten dominerar oorganiska partiklar.<br><strong>F\u00e4rghalten <\/strong>anv\u00e4nds som ett m\u00e5tt p\u00e5 halten l\u00f6st organiskt material. Vid f\u00f6rsurning \u00e4r hum\u00f6sa sj\u00f6ar b\u00e4ttre p\u00e5 att uppr\u00e4tth\u00e5lla den biologiska produktionen \u00e4n de humusfattiga klarvattensj\u00f6arna, eftersom humus \u00e4r en fosfor- och kolk\u00e4lla f\u00f6r v\u00e4xtplankton, djur-plankton och bakterier. Humus har \u00e4ven en f\u00f6rm\u00e5ga att binda giftiga metaller.<br><strong>Brunifieringen <\/strong>har \u00f6kat under senare \u00e5r. Orsaken kan troligen s\u00f6kas i en samverkan mellan klimatf\u00f6r\u00e4ndringar, minskat svavel-nedfall och lokala processer s\u00e5 som f\u00f6r\u00e4ndrad markanv\u00e4ndning och dr\u00e4neringsgrad.<\/p><\/blockquote>\n","protected":false},"excerpt":{"rendered":"<p>Vattenkvalit\u00e9 L\u00e4nsstyrelsen i Hallands l\u00e4n bedriver kalkeffektuppf\u00f6ljning i l\u00e4nets kalkade vatten. Inom kalkeffektuppf\u00f6ljnings-programmet utf\u00f6rs vattenkemisk provtagning, bottenfauna-unders\u00f6kningar samt elfisken i vattendrag. Dessutom ing\u00e5r de unders\u00f6kningar som g\u00f6rs i laxf\u00e4llan vid Nydala kvarn i H\u00f6gvads\u00e5n d\u00e4r uppvandringen av lekfisk och utvandringen av smolt har f\u00f6ljts sedan 1950-talet. P\u00e5 samtliga vatten-kemistationer g\u00f6rs analyser av pH, alkalinitet, konduktivitet, &hellip;<\/p>\n<p class=\"read-more\"> <a class=\"\" href=\"https:\/\/www.atransfvof.se\/index.php\/atrans-vattenavrinning\/\"> <span class=\"screen-reader-text\">Vattenkvalit\u00e9<\/span> L\u00e4s mer &raquo;<\/a><\/p>\n","protected":false},"author":1,"featured_media":0,"parent":0,"menu_order":0,"comment_status":"closed","ping_status":"closed","template":"","meta":{"site-sidebar-layout":"default","site-content-layout":"default","ast-main-header-display":"","ast-hfb-above-header-display":"","ast-hfb-below-header-display":"","ast-hfb-mobile-header-display":"","site-post-title":"disabled","ast-breadcrumbs-content":"","ast-featured-img":"","footer-sml-layout":"","theme-transparent-header-meta":"default","adv-header-id-meta":"","stick-header-meta":"","header-above-stick-meta":"","header-main-stick-meta":"","header-below-stick-meta":""},"_links":{"self":[{"href":"https:\/\/www.atransfvof.se\/index.php\/wp-json\/wp\/v2\/pages\/1215"}],"collection":[{"href":"https:\/\/www.atransfvof.se\/index.php\/wp-json\/wp\/v2\/pages"}],"about":[{"href":"https:\/\/www.atransfvof.se\/index.php\/wp-json\/wp\/v2\/types\/page"}],"author":[{"embeddable":true,"href":"https:\/\/www.atransfvof.se\/index.php\/wp-json\/wp\/v2\/users\/1"}],"replies":[{"embeddable":true,"href":"https:\/\/www.atransfvof.se\/index.php\/wp-json\/wp\/v2\/comments?post=1215"}],"version-history":[{"count":7,"href":"https:\/\/www.atransfvof.se\/index.php\/wp-json\/wp\/v2\/pages\/1215\/revisions"}],"predecessor-version":[{"id":1598,"href":"https:\/\/www.atransfvof.se\/index.php\/wp-json\/wp\/v2\/pages\/1215\/revisions\/1598"}],"wp:attachment":[{"href":"https:\/\/www.atransfvof.se\/index.php\/wp-json\/wp\/v2\/media?parent=1215"}],"curies":[{"name":"wp","href":"https:\/\/api.w.org\/{rel}","templated":true}]}}