{"id":1104,"date":"2020-08-24T05:19:16","date_gmt":"2020-08-24T05:19:16","guid":{"rendered":"http:\/\/www.atransfvof.se\/index.php\/home\/"},"modified":"2021-02-12T12:19:34","modified_gmt":"2021-02-12T11:19:34","slug":"home","status":"publish","type":"page","link":"https:\/\/www.atransfvof.se\/","title":{"rendered":"startsida"},"content":{"rendered":"\t\t<div data-elementor-type=\"wp-page\" data-elementor-id=\"1104\" class=\"elementor elementor-1104\">\n\t\t\t\t\t\t\t\t\t<section class=\"elementor-section elementor-top-section elementor-element elementor-element-ccbbd8f elementor-section-height-min-height elementor-section-content-middle elementor-section-boxed elementor-section-height-default elementor-section-items-middle\" data-id=\"ccbbd8f\" data-element_type=\"section\" data-settings=\"{&quot;background_background&quot;:&quot;classic&quot;}\">\n\t\t\t\t\t\t<div class=\"elementor-container elementor-column-gap-no\">\n\t\t\t\t\t<div class=\"elementor-column elementor-col-50 elementor-top-column elementor-element elementor-element-3dfe54f\" data-id=\"3dfe54f\" data-element_type=\"column\">\n\t\t\t<div class=\"elementor-widget-wrap elementor-element-populated\">\n\t\t\t\t\t\t\t\t<div class=\"elementor-element elementor-element-719874f elementor-widget elementor-widget-heading\" data-id=\"719874f\" data-element_type=\"widget\" data-widget_type=\"heading.default\">\n\t\t\t\t<div class=\"elementor-widget-container\">\n\t\t\t<h6 class=\"elementor-heading-title elementor-size-default\">V\u00e4lkommen till \u00c4trans Nedre FVOF<\/h6>\t\t<\/div>\n\t\t\t\t<\/div>\n\t\t\t\t<div class=\"elementor-element elementor-element-9a82c9d elementor-widget elementor-widget-heading\" data-id=\"9a82c9d\" data-element_type=\"widget\" data-widget_type=\"heading.default\">\n\t\t\t\t<div class=\"elementor-widget-container\">\n\t\t\t<h1 class=\"elementor-heading-title elementor-size-default\">V\u00e4lkommen!<\/h1>\t\t<\/div>\n\t\t\t\t<\/div>\n\t\t\t\t<div class=\"elementor-element elementor-element-afc5a08 elementor-widget elementor-widget-text-editor\" data-id=\"afc5a08\" data-element_type=\"widget\" data-widget_type=\"text-editor.default\">\n\t\t\t\t<div class=\"elementor-widget-container\">\n\t\t\t\t\t\t\t<p><strong>F\u00f6r att skapa en l\u00e5ngsiktigt h\u00e5llbar f\u00f6rvaltning av fiskresursen har vi p\u00e5 \u00c4trans nedre fiskev\u00e5rdsomr\u00e5desf\u00f6rening tagit initiativ till att ta fram en f\u00f6rvaltnings- och utvecklingsplan f\u00f6r \u00c4tran samt denna webbaserad portal som beskriver organisation, m\u00e5l och nuvarande status.<\/strong><\/p><p><span style=\"font-size: 16px; font-style: normal; font-weight: 400;\">F\u00f6r att finansiera projektet har f\u00f6reningen erh\u00e5llit ekonomiskt st\u00f6d fr\u00e5n Lokalt Ledd Utveckling Halland som delar ut medel inom ramen f\u00f6r Havs- och fiskerifonden.<\/span><\/p><p>F\u00f6rvaltningen av de laxf\u00f6rande vattendragsstr\u00e4ckorna i \u00c4tran \u00e4r splittrad mellan \u00c4trans nedre fiskev\u00e5rdsomr\u00e5de, enskilda fisker\u00e4tts\u00e4gare och H\u00f6gvads\u00e5ns nedre fiskev\u00e5rdsomr\u00e5de. \u00c4trans nedre fiskev\u00e5rdsomr\u00e5desf\u00f6rening omfattar \u00c4trans huvudf\u00e5ra p\u00e5 str\u00e4ckan mellan mynningen i Kattegatt till bron i Vessigebro. I \u00c4trans nedre fiskev\u00e5rdsomr\u00e5des stadgar, \u00a7 6, anges att Falkenbergs kommun \u00e4ger r\u00e4tt att arrendera ut sin fisker\u00e4tt p\u00e5 str\u00e4cken nedstr\u00f6ms Hertings kraftverk. Fisket nedstr\u00f6ms Hertings kraftverk drivs d\u00e4rf\u00f6r av Falkenbergs Laxfiske.<\/p>\t\t\t\t\t\t<\/div>\n\t\t\t\t<\/div>\n\t\t\t\t\t<\/div>\n\t\t<\/div>\n\t\t\t\t<div class=\"elementor-column elementor-col-50 elementor-top-column elementor-element elementor-element-0b17895\" data-id=\"0b17895\" data-element_type=\"column\">\n\t\t\t<div class=\"elementor-widget-wrap elementor-element-populated\">\n\t\t\t\t\t\t\t\t<div class=\"elementor-element elementor-element-b41eb5d elementor-widget elementor-widget-image\" data-id=\"b41eb5d\" data-element_type=\"widget\" data-widget_type=\"image.default\">\n\t\t\t\t<div class=\"elementor-widget-container\">\n\t\t\t\t\t\t\t\t\t\t\t\t\t\t\t<img width=\"496\" height=\"744\" src=\"https:\/\/www.atransfvof.se\/wp-content\/uploads\/2020\/12\/laxfena.jpg\" class=\"attachment-full size-full wp-image-1126\" alt=\"\" loading=\"lazy\" srcset=\"https:\/\/www.atransfvof.se\/wp-content\/uploads\/2020\/12\/laxfena.jpg 496w, https:\/\/www.atransfvof.se\/wp-content\/uploads\/2020\/12\/laxfena-200x300.jpg 200w\" sizes=\"(max-width: 496px) 100vw, 496px\" \/>\t\t\t\t\t\t\t\t\t\t\t\t\t\t\t<\/div>\n\t\t\t\t<\/div>\n\t\t\t\t\t<\/div>\n\t\t<\/div>\n\t\t\t\t\t\t\t<\/div>\n\t\t<\/section>\n\t\t\t\t<section class=\"elementor-section elementor-top-section elementor-element elementor-element-e559875 elementor-section-content-middle elementor-section-boxed elementor-section-height-default elementor-section-height-default\" data-id=\"e559875\" data-element_type=\"section\" data-settings=\"{&quot;background_background&quot;:&quot;classic&quot;}\">\n\t\t\t\t\t\t<div class=\"elementor-container elementor-column-gap-no\">\n\t\t\t\t\t<div class=\"elementor-column elementor-col-33 elementor-top-column elementor-element elementor-element-cb6b3c6\" data-id=\"cb6b3c6\" data-element_type=\"column\">\n\t\t\t<div class=\"elementor-widget-wrap elementor-element-populated\">\n\t\t\t\t\t\t\t\t<div class=\"elementor-element elementor-element-624fbee elementor-widget-divider--view-line_text elementor-widget-divider--element-align-left elementor-widget elementor-widget-divider\" data-id=\"624fbee\" data-element_type=\"widget\" data-widget_type=\"divider.default\">\n\t\t\t\t<div class=\"elementor-widget-container\">\n\t\t\t\t\t<div class=\"elementor-divider\">\n\t\t\t<span class=\"elementor-divider-separator\">\n\t\t\t\t\t\t\t<span class=\"elementor-divider__text elementor-divider__element\">\n\t\t\t\tPartners\t\t\t\t<\/span>\n\t\t\t\t\t\t<\/span>\n\t\t<\/div>\n\t\t\t\t<\/div>\n\t\t\t\t<\/div>\n\t\t\t\t\t<\/div>\n\t\t<\/div>\n\t\t\t\t<div class=\"elementor-column elementor-col-66 elementor-top-column elementor-element elementor-element-1440b07\" data-id=\"1440b07\" data-element_type=\"column\">\n\t\t\t<div class=\"elementor-widget-wrap elementor-element-populated\">\n\t\t\t\t\t\t\t\t<div class=\"elementor-element elementor-element-7936f32 gallery-spacing-custom elementor-invisible elementor-widget elementor-widget-image-gallery\" data-id=\"7936f32\" data-element_type=\"widget\" data-settings=\"{&quot;_animation&quot;:&quot;fadeIn&quot;}\" data-widget_type=\"image-gallery.default\">\n\t\t\t\t<div class=\"elementor-widget-container\">\n\t\t\t\t\t<div class=\"elementor-image-gallery\">\n\t\t\t<div id='gallery-1' class='gallery galleryid-1104 gallery-columns-5 gallery-size-full'><figure class='gallery-item'>\n\t\t\t<div class='gallery-icon landscape'>\n\t\t\t\t<a data-elementor-open-lightbox=\"yes\" data-elementor-lightbox-slideshow=\"7936f32\" data-elementor-lightbox-title=\"LLUH\" data-e-action-hash=\"#elementor-action%3Aaction%3Dlightbox%26settings%3DeyJpZCI6MTI1NiwidXJsIjoiaHR0cHM6XC9cL3d3dy5hdHJhbnNmdm9mLnNlXC93cC1jb250ZW50XC91cGxvYWRzXC8yMDIwXC8xMlwvTExVSC5wbmciLCJzbGlkZXNob3ciOiI3OTM2ZjMyIn0%3D\" href='https:\/\/www.atransfvof.se\/wp-content\/uploads\/2020\/12\/LLUH.png'><img width=\"200\" height=\"200\" src=\"https:\/\/www.atransfvof.se\/wp-content\/uploads\/2020\/12\/LLUH.png\" class=\"attachment-full size-full\" alt=\"\" loading=\"lazy\" srcset=\"https:\/\/www.atransfvof.se\/wp-content\/uploads\/2020\/12\/LLUH.png 200w, https:\/\/www.atransfvof.se\/wp-content\/uploads\/2020\/12\/LLUH-150x150.png 150w\" sizes=\"(max-width: 200px) 100vw, 200px\" \/><\/a>\n\t\t\t<\/div><\/figure><figure class='gallery-item'>\n\t\t\t<div class='gallery-icon landscape'>\n\t\t\t\t<a data-elementor-open-lightbox=\"yes\" data-elementor-lightbox-slideshow=\"7936f32\" data-elementor-lightbox-title=\"iFiske_200_logo\" data-e-action-hash=\"#elementor-action%3Aaction%3Dlightbox%26settings%3DeyJpZCI6MTQzNCwidXJsIjoiaHR0cHM6XC9cL3d3dy5hdHJhbnNmdm9mLnNlXC93cC1jb250ZW50XC91cGxvYWRzXC8yMDIxXC8wMlwvaUZpc2tlXzIwMF9sb2dvLnBuZyIsInNsaWRlc2hvdyI6Ijc5MzZmMzIifQ%3D%3D\" href='https:\/\/www.atransfvof.se\/wp-content\/uploads\/2021\/02\/iFiske_200_logo.png'><img width=\"200\" height=\"200\" src=\"https:\/\/www.atransfvof.se\/wp-content\/uploads\/2021\/02\/iFiske_200_logo.png\" class=\"attachment-full size-full\" alt=\"\" loading=\"lazy\" srcset=\"https:\/\/www.atransfvof.se\/wp-content\/uploads\/2021\/02\/iFiske_200_logo.png 200w, https:\/\/www.atransfvof.se\/wp-content\/uploads\/2021\/02\/iFiske_200_logo-150x150.png 150w\" sizes=\"(max-width: 200px) 100vw, 200px\" \/><\/a>\n\t\t\t<\/div><\/figure><figure class='gallery-item'>\n\t\t\t<div class='gallery-icon landscape'>\n\t\t\t\t<a data-elementor-open-lightbox=\"yes\" data-elementor-lightbox-slideshow=\"7936f32\" data-elementor-lightbox-title=\"fiskdata\" data-e-action-hash=\"#elementor-action%3Aaction%3Dlightbox%26settings%3DeyJpZCI6MTQzNiwidXJsIjoiaHR0cHM6XC9cL3d3dy5hdHJhbnNmdm9mLnNlXC93cC1jb250ZW50XC91cGxvYWRzXC8yMDIxXC8wMlwvZmlza2RhdGEucG5nIiwic2xpZGVzaG93IjoiNzkzNmYzMiJ9\" href='https:\/\/www.atransfvof.se\/wp-content\/uploads\/2021\/02\/fiskdata.png'><img width=\"200\" height=\"200\" src=\"https:\/\/www.atransfvof.se\/wp-content\/uploads\/2021\/02\/fiskdata.png\" class=\"attachment-full size-full\" alt=\"\" loading=\"lazy\" srcset=\"https:\/\/www.atransfvof.se\/wp-content\/uploads\/2021\/02\/fiskdata.png 200w, https:\/\/www.atransfvof.se\/wp-content\/uploads\/2021\/02\/fiskdata-150x150.png 150w\" sizes=\"(max-width: 200px) 100vw, 200px\" \/><\/a>\n\t\t\t<\/div><\/figure>\n\t\t<\/div>\n\t\t<\/div>\n\t\t\t\t<\/div>\n\t\t\t\t<\/div>\n\t\t\t\t\t<\/div>\n\t\t<\/div>\n\t\t\t\t\t\t\t<\/div>\n\t\t<\/section>\n\t\t\t\t<section class=\"elementor-section elementor-top-section elementor-element elementor-element-20093aa elementor-section-boxed elementor-section-height-default elementor-section-height-default\" data-id=\"20093aa\" data-element_type=\"section\" data-settings=\"{&quot;background_background&quot;:&quot;gradient&quot;}\">\n\t\t\t\t\t\t<div class=\"elementor-container elementor-column-gap-no\">\n\t\t\t\t\t<div class=\"elementor-column elementor-col-100 elementor-top-column elementor-element elementor-element-f4462c6\" data-id=\"f4462c6\" data-element_type=\"column\">\n\t\t\t<div class=\"elementor-widget-wrap elementor-element-populated\">\n\t\t\t\t\t\t\t\t<div class=\"elementor-element elementor-element-f4a7824 elementor-widget elementor-widget-heading\" data-id=\"f4a7824\" data-element_type=\"widget\" data-widget_type=\"heading.default\">\n\t\t\t\t<div class=\"elementor-widget-container\">\n\t\t\t<h2 class=\"elementor-heading-title elementor-size-default\">Status<\/h2>\t\t<\/div>\n\t\t\t\t<\/div>\n\t\t\t\t<div class=\"elementor-element elementor-element-7320664 elementor-widget elementor-widget-text-editor\" data-id=\"7320664\" data-element_type=\"widget\" data-widget_type=\"text-editor.default\">\n\t\t\t\t<div class=\"elementor-widget-container\">\n\t\t\t\t\t\t\t<p>F\u00f6rvaltnings- och utvecklingsplanen syftar till att beskriva fiskevattnets nuvarande status utifr\u00e5n k\u00e4nda omgivningsfaktorer, och med denna kunskap som grund ge f\u00f6rslag p\u00e5 f\u00f6rvaltnings\u00e5tg\u00e4rder, men \u00e4ven peka ut behovet av ytterligare datainsamling samt fysiska insatser som kan f\u00f6rb\u00e4ttra fiskbest\u00e5ndens reproduktions-f\u00f6ruts\u00e4ttningar. M\u00e5let \u00e4r att n\u00e5 fram till arbetsmetoder som leder till att uttaget av fisk \u00e4r uth\u00e5lligt och i l\u00e4ngden gynnar alla inblandade parter.<\/p>\t\t\t\t\t\t<\/div>\n\t\t\t\t<\/div>\n\t\t\t\t<div class=\"elementor-element elementor-element-fc3918e gallery-spacing-custom elementor-widget elementor-widget-image-gallery\" data-id=\"fc3918e\" data-element_type=\"widget\" data-widget_type=\"image-gallery.default\">\n\t\t\t\t<div class=\"elementor-widget-container\">\n\t\t\t\t\t<div class=\"elementor-image-gallery\">\n\t\t\t\t\t<\/div>\n\t\t\t\t<\/div>\n\t\t\t\t<\/div>\n\t\t\t\t\t<\/div>\n\t\t<\/div>\n\t\t\t\t\t\t\t<\/div>\n\t\t<\/section>\n\t\t\t\t\t\t\t<\/div>\n\t\t","protected":false},"excerpt":{"rendered":"<p>V\u00e4lkommen till \u00c4trans Nedre FVOF V\u00e4lkommen! F\u00f6r att skapa en l\u00e5ngsiktigt h\u00e5llbar f\u00f6rvaltning av fiskresursen har vi p\u00e5 \u00c4trans nedre fiskev\u00e5rdsomr\u00e5desf\u00f6rening tagit initiativ till att ta fram en f\u00f6rvaltnings- och utvecklingsplan f\u00f6r \u00c4tran samt denna webbaserad portal som beskriver organisation, m\u00e5l och nuvarande status. F\u00f6r att finansiera projektet har f\u00f6reningen erh\u00e5llit ekonomiskt st\u00f6d fr\u00e5n Lokalt &hellip;<\/p>\n<p class=\"read-more\"> <a class=\"\" href=\"https:\/\/www.atransfvof.se\/\"> <span class=\"screen-reader-text\">startsida<\/span> L\u00e4s mer &raquo;<\/a><\/p>\n","protected":false},"author":1,"featured_media":0,"parent":0,"menu_order":0,"comment_status":"closed","ping_status":"closed","template":"","meta":{"site-sidebar-layout":"no-sidebar","site-content-layout":"page-builder","ast-main-header-display":"","ast-hfb-above-header-display":"","ast-hfb-below-header-display":"","ast-hfb-mobile-header-display":"","site-post-title":"disabled","ast-breadcrumbs-content":"","ast-featured-img":"disabled","footer-sml-layout":"","theme-transparent-header-meta":"enabled","adv-header-id-meta":"","stick-header-meta":"","header-above-stick-meta":"","header-main-stick-meta":"","header-below-stick-meta":""},"_links":{"self":[{"href":"https:\/\/www.atransfvof.se\/index.php\/wp-json\/wp\/v2\/pages\/1104"}],"collection":[{"href":"https:\/\/www.atransfvof.se\/index.php\/wp-json\/wp\/v2\/pages"}],"about":[{"href":"https:\/\/www.atransfvof.se\/index.php\/wp-json\/wp\/v2\/types\/page"}],"author":[{"embeddable":true,"href":"https:\/\/www.atransfvof.se\/index.php\/wp-json\/wp\/v2\/users\/1"}],"replies":[{"embeddable":true,"href":"https:\/\/www.atransfvof.se\/index.php\/wp-json\/wp\/v2\/comments?post=1104"}],"version-history":[{"count":32,"href":"https:\/\/www.atransfvof.se\/index.php\/wp-json\/wp\/v2\/pages\/1104\/revisions"}],"predecessor-version":[{"id":1535,"href":"https:\/\/www.atransfvof.se\/index.php\/wp-json\/wp\/v2\/pages\/1104\/revisions\/1535"}],"wp:attachment":[{"href":"https:\/\/www.atransfvof.se\/index.php\/wp-json\/wp\/v2\/media?parent=1104"}],"curies":[{"name":"wp","href":"https:\/\/api.w.org\/{rel}","templated":true}]}}